{"id":11030,"date":"2023-05-11T09:31:27","date_gmt":"2023-05-11T09:31:27","guid":{"rendered":"https:\/\/finquesmartell.com\/aviso-legal\/"},"modified":"2023-07-21T13:17:46","modified_gmt":"2023-07-21T13:17:46","slug":"avis-legal","status":"publish","type":"page","link":"https:\/\/finquesmartell.com\/ca\/avis-legal\/","title":{"rendered":"Av\u00eds legal"},"content":{"rendered":"<div class=\"gb-container gb-container-a886c0e4 gb-container-seccio\">\n<div class=\"gb-container gb-container-c6b940a9 gb-container-seccio-inner\">\n\n<p><strong>Finques Martell Lloguers, SL<\/strong> t\u00e9 el seu domicili comercial al carrer Independ\u00e8ncia 307 baixos de Barcelona, \u200b\u200bCodi Postal 08026. Per a m\u00e9s informaci\u00f3 podeu contactar amb nosaltres a trav\u00e9s del n\u00famero de tel\u00e8fon +34 93 265 65 38 o b\u00e9 a trav\u00e9s del correu electr\u00f2nic: <a href=\"mailto:\" target=\"_blank\" rel=\"noreferrer noopener\">direccio@fmartell-lloguers.com<\/a> . Finques Martell Lloguers, SL est\u00e0 inscrita al Registre Mercantil de Barcelona, \u200b\u200bTom 43477, foli 48, Full n\u00famero 430.112, Inscripci\u00f3 1 amb CIF n\u00famero B65897274.<\/p>\n\n\n\n<h3 class=\"wp-block-heading\">Condicions d&#8217;\u00fas<\/h3>\n\n\n\n<p>Tot seguit relatem la regulaci\u00f3 de l&#8217;\u00fas de la p\u00e0gina www.finquesmartell.com que Finques Martell Lloguers, SL. posa a disposici\u00f3 dels usuaris.<\/p>\n\n\n\n<h3 class=\"wp-block-heading\">Usuaris<\/h3>\n\n\n\n<p>La web de Finques Martell Lloguers, SL. ha estat dissenyada per donar a con\u00e8ixer els Usuaris en general tant l&#8217;empresa com les seves activitats i serveis. Entenent com a Usuari tota persona que accedeixi o navegui per la nostra p\u00e0gina web.<\/p>\n\n\n\n<h3 class=\"wp-block-heading\">Acc\u00e9s<\/h3>\n\n\n\n<p>Amb car\u00e0cter general, els usuaris podran accedir a www.finquesmartell.com de forma lliure i gratu\u00efta. Finques Martell Lloguers, SL podr\u00e0 modificar de forma unilateral i sense av\u00eds previ, la prestaci\u00f3, configuraci\u00f3 i contingut de la p\u00e0gina, aix\u00ed com les condicions d&#8217;\u00fas de la mateixa i l&#8217;acc\u00e9s als serveis prestats.<\/p>\n\n\n\n<h3 class=\"wp-block-heading\">Copyright<\/h3>\n\n\n\n<p>Els Drets de Propietat intel\u00b7lectual d&#8217;aquesta web s\u00f3n titularitat de Finques Martell Lloguers, SL Per aix\u00f2, podem alterar en qualsevol moment i sense av\u00eds previ els seus continguts (disseny gr\u00e0fic, preus, textos i codis). La prestaci\u00f3 dels serveis i la publicaci\u00f3 dels continguts de la web no implicaran en cap moment la ren\u00fancia o transmissi\u00f3, total o parcial, dels drets de propietat intel\u00b7lectual i industrial. Per aix\u00f2, qualsevol reproducci\u00f3, distribuci\u00f3, comercialitzaci\u00f3 o transformaci\u00f3 dels continguts de la p\u00e0gina web que no hagi estat expressament autoritzat pels seus titulars constitueix una infracci\u00f3 dels drets de propietat intel\u00b7lectual i industrial protegits per larticle 270 i seg\u00fcents del Codi Penal.<\/p>\n\n\n\n<h3 class=\"wp-block-heading\">Llei Aplicable i Jurisdicci\u00f3<\/h3>\n\n\n\n<p>Per a tota q\u00fcesti\u00f3 litigiosa que incumbeixi a www.finquesmartell.com, ser\u00e0 aplicable la legislaci\u00f3 espanyola. Aquestes Condicions d&#8217;\u00das es regeixen pel que disposa la legislaci\u00f3 espanyola. En cas que es produeixi qualsevol discrep\u00e0ncia o controv\u00e8rsia amb motiu de la interpretaci\u00f3 o aplicaci\u00f3 de les presents Condicions d&#8217;\u00das, Finques Martell Lloguers, SL i l&#8217;Usuari, amb ren\u00fancia expressa a qualsevol altre fur que els pogu\u00e9s correspondre, se sotmeten a la jurisdicci\u00f3 de els jutjats i els tribunals del domicili de l&#8217;usuari.<\/p>\n\n\n\n<p><\/p>\n\n<\/div>\n<\/div>","protected":false},"excerpt":{"rendered":"<p>Finques Martell Lloguers, SL t\u00e9 el seu domicili comercial al carrer Independ\u00e8ncia 307 baixos de Barcelona, \u200b\u200bCodi Postal 08026. Per<\/p>\n","protected":false},"author":1,"featured_media":0,"parent":0,"menu_order":0,"comment_status":"closed","ping_status":"closed","template":"","meta":{"_acf_changed":false,"CBBTypography":[],"footnotes":""},"class_list":{"0":"post-11030","1":"page","2":"type-page","3":"status-publish","5":"no-featured-image-padding"},"acf":[],"_links":{"self":[{"href":"https:\/\/finquesmartell.com\/ca\/wp-json\/wp\/v2\/pages\/11030","targetHints":{"allow":["GET"]}}],"collection":[{"href":"https:\/\/finquesmartell.com\/ca\/wp-json\/wp\/v2\/pages"}],"about":[{"href":"https:\/\/finquesmartell.com\/ca\/wp-json\/wp\/v2\/types\/page"}],"author":[{"embeddable":true,"href":"https:\/\/finquesmartell.com\/ca\/wp-json\/wp\/v2\/users\/1"}],"replies":[{"embeddable":true,"href":"https:\/\/finquesmartell.com\/ca\/wp-json\/wp\/v2\/comments?post=11030"}],"version-history":[{"count":4,"href":"https:\/\/finquesmartell.com\/ca\/wp-json\/wp\/v2\/pages\/11030\/revisions"}],"predecessor-version":[{"id":11034,"href":"https:\/\/finquesmartell.com\/ca\/wp-json\/wp\/v2\/pages\/11030\/revisions\/11034"}],"wp:attachment":[{"href":"https:\/\/finquesmartell.com\/ca\/wp-json\/wp\/v2\/media?parent=11030"}],"curies":[{"name":"wp","href":"https:\/\/api.w.org\/{rel}","templated":true}]}}