{"id":11035,"date":"2023-05-04T13:48:46","date_gmt":"2023-05-04T11:48:46","guid":{"rendered":"https:\/\/finquesmartell.com\/qui-som\/"},"modified":"2023-07-25T20:40:42","modified_gmt":"2023-07-25T18:40:42","slug":"qui-som","status":"publish","type":"page","link":"https:\/\/finquesmartell.com\/ca\/qui-som\/","title":{"rendered":"Qui som"},"content":{"rendered":"<div class=\"gb-container gb-container-c0bd6d3f gb-container-seccio\">\n<div class=\"gb-container gb-container-2e2c90bf gb-container-seccio-inner\">\n<div class=\"gb-container gb-container-42f4d18b\">\n\n<h2 class=\"gb-headline gb-headline-5032fe8d gb-headline-text gb-headline-biggest\"><strong>Origen<\/strong><\/h2>\n\n<\/div>\n\n<div class=\"gb-container gb-container-e5cb305f\">\n\n<p class=\"gb-headline gb-headline-ef64a21c gb-headline-text gb-headline-medium\">Una traject\u00f2ria enfocada<br>al client i a la innovaci\u00f3.<\/p>\n\n<\/div>\n<\/div>\n<\/div>\n\n<div class=\"gb-container gb-container-22287c04 alignfull gb-container-seccio\">\n<div class=\"gb-container gb-container-b91787c7 gb-container-seccio-inner\">\n\n<div class=\"gb-headline gb-headline-4c505956 gb-headline-text gb-headline-biggest-plus\">1970<\/div>\n\n\n\n<p class=\"gb-headline gb-headline-7823ba14 gb-headline-text gb-headline-small\">Llu\u00eds Martell i M\u00aa Rosa Rofes creen Finques Martell.<\/p>\n\n\n<div class=\"gb-grid-wrapper gb-grid-wrapper-76f5d96c\">\n<div class=\"gb-grid-column gb-grid-column-b80ad452\"><div class=\"gb-container gb-container-b80ad452\">\n<div class=\"gb-container gb-container-4088772b\">\n\n<p class=\"gb-headline gb-headline-df8472cb gb-headline-medium-plus\"><span class=\"gb-icon\"><svg xmlns=\"http:\/\/www.w3.org\/2000\/svg\" aria-hidden=\"true\" role=\"img\" height=\"1em\" width=\"1em\" viewBox=\"0 0 512 512\"><path fill=\"currentColor\" d=\"M256 8C119 8 8 119 8 256s111 248 248 248 248-111 248-248S393 8 256 8z\"><\/path><\/svg><\/span><span class=\"gb-headline-text\">1982<\/span><\/p>\n\n<\/div>\n\n<div class=\"gb-container gb-container-9dfce20e\">\n\n<p class=\"gb-headline gb-headline-b57322e8 gb-headline-text gb-headline-small\">Trasllat a les noves oficines de Mallorca 576 i digitalitzaci\u00f3 de processos amb l&#8217;adquisici\u00f3 dels primers ordinadors.<\/p>\n\n<\/div>\n<\/div><\/div>\n\n<div class=\"gb-grid-column gb-grid-column-583de3ee\"><div class=\"gb-container gb-container-583de3ee\">\n<div class=\"gb-container gb-container-1e6577ce\">\n\n<p class=\"gb-headline gb-headline-9eb1656d gb-headline-text gb-headline-small\">S&#8217;incorporen a l&#8217;empresa Llu\u00eds Martell i M\u00aa Rosa, fills dels fundadors.<\/p>\n\n<\/div>\n\n<div class=\"gb-container gb-container-4d65baa3\">\n\n<p class=\"gb-headline gb-headline-c21f52a0 gb-headline-medium-plus\"><span class=\"gb-icon\"><svg xmlns=\"http:\/\/www.w3.org\/2000\/svg\" aria-hidden=\"true\" role=\"img\" height=\"1em\" width=\"1em\" viewBox=\"0 0 512 512\"><path fill=\"currentColor\" d=\"M256 8C119 8 8 119 8 256s111 248 248 248 248-111 248-248S393 8 256 8z\"><\/path><\/svg><\/span><span class=\"gb-headline-text\">1986<\/span><\/p>\n\n<\/div>\n<\/div><\/div>\n\n<div class=\"gb-grid-column gb-grid-column-bad9286a\"><div class=\"gb-container gb-container-bad9286a\">\n<div class=\"gb-container gb-container-2f5d8a1a\">\n\n<p class=\"gb-headline gb-headline-61aa54fd gb-headline-medium-plus\"><span class=\"gb-icon\"><svg xmlns=\"http:\/\/www.w3.org\/2000\/svg\" aria-hidden=\"true\" role=\"img\" height=\"1em\" width=\"1em\" viewBox=\"0 0 512 512\"><path fill=\"currentColor\" d=\"M256 8C119 8 8 119 8 256s111 248 248 248 248-111 248-248S393 8 256 8z\"><\/path><\/svg><\/span><span class=\"gb-headline-text\">1989<\/span><\/p>\n\n<\/div>\n\n<div class=\"gb-container gb-container-fa24587f\">\n\n<p class=\"gb-headline gb-headline-5fd73d25 gb-headline-text gb-headline-small\">Ampliaci\u00f3 de les oficines on es dissenyen 3 sales de juntes i despatxos per a l&#8217;atenci\u00f3 personalitzada.<\/p>\n\n<\/div>\n<\/div><\/div>\n\n<div class=\"gb-grid-column gb-grid-column-b0499dfc\"><div class=\"gb-container gb-container-b0499dfc\">\n<div class=\"gb-container gb-container-b441878e\">\n\n<p class=\"gb-headline gb-headline-eee13805 gb-headline-text gb-headline-small\">25\u00e8 aniversari.<\/p>\n\n<\/div>\n\n<div class=\"gb-container gb-container-5af98708\">\n\n<p class=\"gb-headline gb-headline-14fe7005 gb-headline-medium-plus\"><span class=\"gb-icon\"><svg xmlns=\"http:\/\/www.w3.org\/2000\/svg\" aria-hidden=\"true\" role=\"img\" height=\"1em\" width=\"1em\" viewBox=\"0 0 512 512\"><path fill=\"currentColor\" d=\"M256 8C119 8 8 119 8 256s111 248 248 248 248-111 248-248S393 8 256 8z\"><\/path><\/svg><\/span><span class=\"gb-headline-text\">1995<\/span><\/p>\n\n<\/div>\n<\/div><\/div>\n\n<div class=\"gb-grid-column gb-grid-column-17679ea2\"><div class=\"gb-container gb-container-17679ea2\">\n<div class=\"gb-container gb-container-79eb8667\">\n\n<p class=\"gb-headline gb-headline-58216097 gb-headline-medium-plus\"><span class=\"gb-icon\"><svg xmlns=\"http:\/\/www.w3.org\/2000\/svg\" aria-hidden=\"true\" role=\"img\" height=\"1em\" width=\"1em\" viewBox=\"0 0 512 512\"><path fill=\"currentColor\" d=\"M256 8C119 8 8 119 8 256s111 248 248 248 248-111 248-248S393 8 256 8z\"><\/path><\/svg><\/span><span class=\"gb-headline-text\">2001<\/span><\/p>\n\n<\/div>\n\n<div class=\"gb-container gb-container-414d3b19\">\n\n<p class=\"gb-headline gb-headline-71fa520e gb-headline-text gb-headline-small\">Els fundadors es jubilen passant el relleu als fills, que segueixen el llegat d&#8217;atenci\u00f3 i qualitat de servei.<\/p>\n\n<\/div>\n<\/div><\/div>\n\n<div class=\"gb-grid-column gb-grid-column-faca1fa8\"><div class=\"gb-container gb-container-faca1fa8\">\n<div class=\"gb-container gb-container-e512e6f0\">\n\n<p class=\"gb-headline gb-headline-4dacd8c8 gb-headline-text gb-headline-small\">Primera administraci\u00f3 de finques de Barcelona que obt\u00e9 el certificat de qualitat ISO 9001.<\/p>\n\n<\/div>\n\n<div class=\"gb-container gb-container-b1b2a0d2\">\n\n<p class=\"gb-headline gb-headline-0a9eb55d gb-headline-medium-plus\"><span class=\"gb-icon\"><svg xmlns=\"http:\/\/www.w3.org\/2000\/svg\" aria-hidden=\"true\" role=\"img\" height=\"1em\" width=\"1em\" viewBox=\"0 0 512 512\"><path fill=\"currentColor\" d=\"M256 8C119 8 8 119 8 256s111 248 248 248 248-111 248-248S393 8 256 8z\"><\/path><\/svg><\/span><span class=\"gb-headline-text\">2005<\/span><\/p>\n\n<\/div>\n<\/div><\/div>\n\n<div class=\"gb-grid-column gb-grid-column-45dcfac5\"><div class=\"gb-container gb-container-45dcfac5\">\n<div class=\"gb-container gb-container-7f0723f3\">\n\n<p class=\"gb-headline gb-headline-7e1c4cce gb-headline-medium-plus\"><span class=\"gb-icon\"><svg xmlns=\"http:\/\/www.w3.org\/2000\/svg\" aria-hidden=\"true\" role=\"img\" height=\"1em\" width=\"1em\" viewBox=\"0 0 512 512\"><path fill=\"currentColor\" d=\"M256 8C119 8 8 119 8 256s111 248 248 248 248-111 248-248S393 8 256 8z\"><\/path><\/svg><\/span><span class=\"gb-headline-text\">2008<\/span><\/p>\n\n<\/div>\n\n<div class=\"gb-container gb-container-e1bd3612\">\n\n<p class=\"gb-headline gb-headline-e47d971c gb-headline-text gb-headline-small\">Proc\u00e9s d&#8217;expansi\u00f3 amb una nova oficina a Platja d&#8217;Aro.<\/p>\n\n<\/div>\n<\/div><\/div>\n\n<div class=\"gb-grid-column gb-grid-column-2d10b672\"><div class=\"gb-container gb-container-2d10b672\">\n<div class=\"gb-container gb-container-a4f91805\">\n\n<p class=\"gb-headline gb-headline-d21d420b gb-headline-text gb-headline-small\">Digitalitzaci\u00f3 de tota la documentaci\u00f3 des del 1970, disponible per a la consulta dels clients.<\/p>\n\n<\/div>\n\n<div class=\"gb-container gb-container-bbe5252c\">\n\n<p class=\"gb-headline gb-headline-cf8ccb96 gb-headline-medium-plus\"><span class=\"gb-icon\"><svg xmlns=\"http:\/\/www.w3.org\/2000\/svg\" aria-hidden=\"true\" role=\"img\" height=\"1em\" width=\"1em\" viewBox=\"0 0 512 512\"><path fill=\"currentColor\" d=\"M256 8C119 8 8 119 8 256s111 248 248 248 248-111 248-248S393 8 256 8z\"><\/path><\/svg><\/span><span class=\"gb-headline-text\">2009<\/span><\/p>\n\n<\/div>\n<\/div><\/div>\n\n<div class=\"gb-grid-column gb-grid-column-e825e560\"><div class=\"gb-container gb-container-e825e560\">\n<div class=\"gb-container gb-container-5c404eac\">\n\n<p class=\"gb-headline gb-headline-84b993b1 gb-headline-medium-plus\"><span class=\"gb-icon\"><svg xmlns=\"http:\/\/www.w3.org\/2000\/svg\" aria-hidden=\"true\" role=\"img\" height=\"1em\" width=\"1em\" viewBox=\"0 0 512 512\"><path fill=\"currentColor\" d=\"M256 8C119 8 8 119 8 256s111 248 248 248 248-111 248-248S393 8 256 8z\"><\/path><\/svg><\/span><span class=\"gb-headline-text\">2010<\/span><\/p>\n\n<\/div>\n\n<div class=\"gb-container gb-container-96a92c1f\">\n\n<p class=\"gb-headline gb-headline-f13b23cb gb-headline-text gb-headline-small\">Obertura d\u00b4una nova delegaci\u00f3 a Barcelona dedicada a la gesti\u00f3 de lloguer i compra venda d\u00b4immobles (Mallorca 558).<\/p>\n\n<\/div>\n<\/div><\/div>\n\n<div class=\"gb-grid-column gb-grid-column-fc65b0f0\"><div class=\"gb-container gb-container-fc65b0f0\">\n<div class=\"gb-container gb-container-661279ec\">\n\n<p class=\"gb-headline gb-headline-372cff60 gb-headline-text gb-headline-small\">Adquisici\u00f3 d&#8217;una cartera de comunitats al Carmel i obertura d&#8217;una nova oficina al mateix barri (Llobreg\u00f3s 140).<\/p>\n\n<\/div>\n\n<div class=\"gb-container gb-container-6cecb778\">\n\n<p class=\"gb-headline gb-headline-dce96228 gb-headline-medium-plus\"><span class=\"gb-icon\"><svg xmlns=\"http:\/\/www.w3.org\/2000\/svg\" aria-hidden=\"true\" role=\"img\" height=\"1em\" width=\"1em\" viewBox=\"0 0 512 512\"><path fill=\"currentColor\" d=\"M256 8C119 8 8 119 8 256s111 248 248 248 248-111 248-248S393 8 256 8z\"><\/path><\/svg><\/span><span class=\"gb-headline-text\">2013<\/span><\/p>\n\n<\/div>\n<\/div><\/div>\n\n<div class=\"gb-grid-column gb-grid-column-9963f2ac\"><div class=\"gb-container gb-container-9963f2ac\">\n<div class=\"gb-container gb-container-dc2a7270\">\n\n<p class=\"gb-headline gb-headline-fecb660c gb-headline-medium-plus\"><span class=\"gb-icon\"><svg xmlns=\"http:\/\/www.w3.org\/2000\/svg\" aria-hidden=\"true\" role=\"img\" height=\"1em\" width=\"1em\" viewBox=\"0 0 512 512\"><path fill=\"currentColor\" d=\"M256 8C119 8 8 119 8 256s111 248 248 248 248-111 248-248S393 8 256 8z\"><\/path><\/svg><\/span><span class=\"gb-headline-text\">2014<\/span><\/p>\n\n<\/div>\n\n<div class=\"gb-container gb-container-0ddcba5d\">\n\n<p class=\"gb-headline gb-headline-479ad089 gb-headline-text gb-headline-small\">Trasllat a les actuals oficines on s&#8217;unifiquen en un mateix espai totes les \u00e0rees i serveis, sales de juntes i despatxos.<\/p>\n\n<\/div>\n<\/div><\/div>\n\n<div class=\"gb-grid-column gb-grid-column-c2596800\"><div class=\"gb-container gb-container-c2596800\">\n<div class=\"gb-container gb-container-f2c0ee60\">\n\n<p class=\"gb-headline gb-headline-96e58407 gb-headline-text gb-headline-small\">50\u00e8 aniversari. S&#8217;incorpora a l&#8217;empresa la tercera generaci\u00f3 familiar.<\/p>\n\n<\/div>\n\n<div class=\"gb-container gb-container-83f210ae\">\n\n<p class=\"gb-headline gb-headline-6c8aafb3 gb-headline-medium-plus\"><span class=\"gb-icon\"><svg xmlns=\"http:\/\/www.w3.org\/2000\/svg\" aria-hidden=\"true\" role=\"img\" height=\"1em\" width=\"1em\" viewBox=\"0 0 512 512\"><path fill=\"currentColor\" d=\"M256 8C119 8 8 119 8 256s111 248 248 248 248-111 248-248S393 8 256 8z\"><\/path><\/svg><\/span><span class=\"gb-headline-text\">2020<\/span><\/p>\n\n<\/div>\n<\/div><\/div>\n\n<div class=\"gb-grid-column gb-grid-column-1cecbd1e\"><div class=\"gb-container gb-container-1cecbd1e\">\n<div class=\"gb-container gb-container-1ef65fa7\">\n\n<p class=\"gb-headline gb-headline-acf015a6 gb-headline-medium-plus\"><span class=\"gb-icon\"><svg xmlns=\"http:\/\/www.w3.org\/2000\/svg\" aria-hidden=\"true\" role=\"img\" height=\"1em\" width=\"1em\" viewBox=\"0 0 512 512\"><path fill=\"currentColor\" d=\"M256 8C119 8 8 119 8 256s111 248 248 248 248-111 248-248S393 8 256 8z\"><\/path><\/svg><\/span><span class=\"gb-headline-text\">2022<\/span><\/p>\n\n<\/div>\n\n<div class=\"gb-container gb-container-48ede431\">\n\n<p class=\"gb-headline gb-headline-6e2d952c gb-headline-text gb-headline-small\">Obtenci\u00f3 del segell de qualitat del Col\u00b7legi d&#8217;administradors de finques.<\/p>\n\n<\/div>\n<\/div><\/div>\n\n<div class=\"gb-grid-column gb-grid-column-c936249a\"><div class=\"gb-container gb-container-c936249a\">\n<div class=\"gb-container gb-container-17e7d5f2\">\n\n<p class=\"gb-headline gb-headline-0788468c gb-headline-text gb-headline-small\">Adopci\u00f3 d&#8217;eines digitals i noves tecnologies per a la gesti\u00f3 de processos, millorar la comunicaci\u00f3 i la qualitat del servei.<\/p>\n\n<\/div>\n\n<div class=\"gb-container gb-container-46cca6c1\">\n\n<p class=\"gb-headline gb-headline-f52b8074 gb-headline-medium-plus\"><span class=\"gb-icon\"><svg xmlns=\"http:\/\/www.w3.org\/2000\/svg\" aria-hidden=\"true\" role=\"img\" height=\"1em\" width=\"1em\" viewBox=\"0 0 512 512\"><path fill=\"currentColor\" d=\"M256 8C119 8 8 119 8 256s111 248 248 248 248-111 248-248S393 8 256 8z\"><\/path><\/svg><\/span><span class=\"gb-headline-text\">2023<\/span><\/p>\n\n<\/div>\n<\/div><\/div>\n<\/div>\n<\/div>\n<\/div>\n\n<div class=\"gb-container gb-container-b99f10fd gb-container-seccio\">\n<div class=\"gb-container gb-container-88e75f7f gb-container-seccio-inner\">\n<div class=\"gb-container gb-container-58b2f8f2 gb-container-seccio-inner\">\n\n<h2 class=\"gb-headline gb-headline-61a32861 gb-headline-text gb-headline-normal-plus\">La nostra metodologia<\/h2>\n\n\n<div class=\"gb-container gb-container-764fe1b4\"><\/div>\n<\/div>\n\n<div class=\"gb-grid-wrapper gb-grid-wrapper-bba50a57\">\n<div class=\"gb-grid-column gb-grid-column-5416ef6c\"><div class=\"gb-container gb-container-5416ef6c\">\n\n<p class=\"gb-headline gb-headline-bfcc2a3d gb-headline-text gb-headline-normal\">A Martell creiem que les finques i els immobles s\u00f3n m\u00e9s que una estructura per gestionar: s\u00f3n espais on les persones viuen, treballen i prosperen.<\/p>\n\n<\/div><\/div>\n\n<div class=\"gb-grid-column gb-grid-column-f93858b1\"><div class=\"gb-container gb-container-f93858b1\">\n\n<p class=\"gb-headline gb-headline-df115d17 gb-headline-text gb-headline-normal\">Des de fa m\u00e9s de 50 anys anem m\u00e9s enll\u00e0 per administrar-los com a espais vitals \u00fanics, diferents i excepcionals.<\/p>\n\n<\/div><\/div>\n\n<div class=\"gb-grid-column gb-grid-column-2a44441f\"><div class=\"gb-container gb-container-2a44441f\">\n\n<p class=\"gb-headline gb-headline-80f7cec1 gb-headline-text gb-headline-normal\">No ens centrem nom\u00e9s en oferir un servei personalitzat per a l&#8217;administraci\u00f3 de comunitats, la gesti\u00f3 patrimonial i la comercialitzaci\u00f3 d&#8217;immobles.<\/p>\n\n<\/div><\/div>\n\n<div class=\"gb-grid-column gb-grid-column-53b69ddf\"><div class=\"gb-container gb-container-53b69ddf\">\n\n<p class=\"gb-headline gb-headline-6a605447 gb-headline-text gb-headline-normal\">Tamb\u00e9 implementem productes disruptius, exclusius i adaptats als clients, fusionant tradici\u00f3 i innovaci\u00f3. Ens ocupem de tots els detalls, per crear la millor experi\u00e8ncia i que no t&#8217;hagis de preocupar de res.<\/p>\n\n<\/div><\/div>\n<\/div>\n<\/div>\n<\/div>\n\n<div class=\"gb-container gb-container-caed2447 gb-container-seccio\">\n<div class=\"gb-container gb-container-66e39670 gb-container-seccio-inner\">\n<div class=\"gb-container gb-container-f2abc787\">\n\n<h2 class=\"gb-headline gb-headline-d623254b gb-headline-text gb-headline-biggest\"><strong><strong>Marquem la difer\u00e8ncia<\/strong><\/strong><\/h2>\n\n<\/div>\n\n<div class=\"gb-container gb-container-75abdf09\">\n\n<p class=\"gb-headline gb-headline-032cb413 gb-headline-text gb-headline-medium\">No nom\u00e9s ho diem. Ho complim.<\/p>\n\n<\/div>\n\n<div class=\"gb-grid-wrapper gb-grid-wrapper-124e63f4\">\n<div class=\"gb-grid-column gb-grid-column-ff4cd2e4\"><div class=\"gb-container gb-container-ff4cd2e4\">\n\n<div class=\"gb-headline gb-headline-e57a2147 gb-headline-text gb-headline-big\" data-title=\"1\">1<\/div>\n\n\n\n<h3 class=\"gb-headline gb-headline-db94ad86 gb-headline-text gb-headline-titol\">Experts<\/h3>\n\n\n\n<p class=\"gb-headline gb-headline-7c97a126 gb-headline-text\">Un ampli equip de professionals especialitzats per donar-te un servei integral 360 \u00ba.<\/p>\n\n<\/div><\/div>\n\n<div class=\"gb-grid-column gb-grid-column-57c0b6d2\"><div class=\"gb-container gb-container-57c0b6d2\">\n\n<div class=\"gb-headline gb-headline-1900f112 gb-headline-text gb-headline-big\" data-title=\"2\">2<\/div>\n\n\n\n<h3 class=\"gb-headline gb-headline-9e0b0b34 gb-headline-text gb-headline-titol\">Propers<\/h3>\n\n\n\n<p class=\"gb-headline gb-headline-518faf2d gb-headline-text\">Treballem de forma presencial amb els clients per adaptar-nos a les necessitats i estar permanentment comunicats.<\/p>\n\n<\/div><\/div>\n\n<div class=\"gb-grid-column gb-grid-column-dacf95db\"><div class=\"gb-container gb-container-dacf95db\">\n\n<div class=\"gb-headline gb-headline-e919d6d2 gb-headline-text gb-headline-big\" data-title=\"3\">3<\/div>\n\n\n\n<h3 class=\"gb-headline gb-headline-0d15a6c0 gb-headline-text gb-headline-titol\">Digitals<\/h3>\n\n\n\n<p class=\"gb-headline gb-headline-65a81771 gb-headline-text\">Estem completament digitalitzats perqu\u00e8 puguis fer gestions o consultes amb un simple clic.<\/p>\n\n<\/div><\/div>\n\n<div class=\"gb-grid-column gb-grid-column-41a067a3\"><div class=\"gb-container gb-container-41a067a3\">\n\n<div class=\"gb-headline gb-headline-b5483a2e gb-headline-text gb-headline-big\" data-title=\"4\">4<\/div>\n\n\n\n<h3 class=\"gb-headline gb-headline-717ec99a gb-headline-text gb-headline-titol\">Transparents<\/h3>\n\n\n\n<p class=\"gb-headline gb-headline-09c1ddbb gb-headline-text\">Confiem tant en la qualitat de la nostra feina que som completament oberts i honestos amb els nostres clients a cada pas del cam\u00ed.<\/p>\n\n<\/div><\/div>\n\n<div class=\"gb-grid-column gb-grid-column-2f9b32d2\"><div class=\"gb-container gb-container-2f9b32d2\">\n\n<div class=\"gb-headline gb-headline-969ba407 gb-headline-text gb-headline-big\" data-title=\"5\">5<\/div>\n\n\n\n<h3 class=\"gb-headline gb-headline-f28b9351 gb-headline-text gb-headline-titol\">Efica\u00e7os<\/h3>\n\n\n\n<p class=\"gb-headline gb-headline-08178663 gb-headline-text\">La nostra clau \u00e9s oferir-te un servei directe i fiable en tot moment.<\/p>\n\n<\/div><\/div>\n<\/div>\n\n<div class=\"gb-container gb-container-b617f048\">\n\n<a class=\"gb-button gb-button-cd8b377c gb-button-text gb-button-taronja\" href=\"https:\/\/finquesmartell.com\/ca\/contacte\/\">Vull tranquil\u00b7litat<\/a>\n\n<\/div>\n<\/div>\n<\/div>\n\n<div class=\"gb-container gb-container-3f2c9729 gb-container-seccio\">\n<div class=\"gb-container gb-container-5325ebe7 gb-container-seccio-inner\">\n<div class=\"gb-container gb-container-7f7ca14a\">\n<div class=\"gb-grid-wrapper gb-grid-wrapper-b48dfdd3\">\n<div class=\"gb-grid-column gb-grid-column-b422e096\"><div class=\"gb-container gb-container-b422e096\">\n<div class=\"gb-container gb-container-c56718d5\">\n\n<p class=\"gb-headline gb-headline-61d39c8e gb-headline-text gb-headline-biggest\" data-title=\"100%\"><\/p>\n\n\n<div class=\"gb-container gb-container-e238d38d\">\n\n<div class=\"wp-block-boldblocks-counting-number\"><span class=\"value\" data-value=\"100\" data-start-val=\"0\" data-duration=\"2\" data-separator=\"\" data-decimal=\",\" data-enable-scroll-spy=\"true\" data-scroll-spy-once=\"false\" data-scroll-spy-delay=\"0\" data-prefix=\"\" data-suffix=\"%\"><\/span><span class=\"suffix\">%<\/span><\/div>\n\n<\/div>\n<\/div>\n\n\n<p class=\"gb-headline gb-headline-2b09e09a gb-headline-text gb-headline-normal\">Tracte<br>personalitzat<\/p>\n\n<\/div><\/div>\n\n<div class=\"gb-grid-column gb-grid-column-a1acb148\"><div class=\"gb-container gb-container-a1acb148\">\n<div class=\"gb-container gb-container-2ab02e30\">\n\n<p class=\"gb-headline gb-headline-f0075c21 gb-headline-text gb-headline-biggest\" data-title=\"91%\"><\/p>\n\n\n<div class=\"gb-container gb-container-c26bf2f4\">\n\n<div class=\"wp-block-boldblocks-counting-number\"><span class=\"value\" data-value=\"91\" data-start-val=\"0\" data-duration=\"2\" data-separator=\"\" data-decimal=\",\" data-enable-scroll-spy=\"true\" data-scroll-spy-once=\"false\" data-scroll-spy-delay=\"0\" data-prefix=\"\" data-suffix=\"%\"><\/span><span class=\"suffix\">%<\/span><\/div>\n\n<\/div>\n<\/div>\n\n\n<p class=\"gb-headline gb-headline-a2df7246 gb-headline-text gb-headline-normal\">Clients<br>satisfets*<\/p>\n\n\n\n<p class=\"gb-headline gb-headline-6278848b gb-headline-text gb-headline-mini\">*dada extreta de les enquestes anuals<\/p>\n\n<\/div><\/div>\n\n<div class=\"gb-grid-column gb-grid-column-63320097\"><div class=\"gb-container gb-container-63320097\">\n<div class=\"gb-container gb-container-7628b59b\">\n\n<p class=\"gb-headline gb-headline-8ad6405f gb-headline-text gb-headline-biggest\" data-title=\"98%\"><\/p>\n\n\n<div class=\"gb-container gb-container-81a896b5\">\n\n<div class=\"wp-block-boldblocks-counting-number\"><span class=\"value\" data-value=\"98\" data-start-val=\"0\" data-duration=\"2\" data-separator=\"\" data-decimal=\",\" data-enable-scroll-spy=\"true\" data-scroll-spy-once=\"false\" data-scroll-spy-delay=\"0\" data-prefix=\"\" data-suffix=\"%\"><\/span><span class=\"suffix\">%<\/span><\/div>\n\n<\/div>\n<\/div>\n\n\n<p class=\"gb-headline gb-headline-f960158b gb-headline-text gb-headline-normal\">Processos digitalitzats<\/p>\n\n<\/div><\/div>\n\n<div class=\"gb-grid-column gb-grid-column-af804d07\"><div class=\"gb-container gb-container-af804d07\">\n<div class=\"gb-container gb-container-5320d9f4\">\n\n<p class=\"gb-headline gb-headline-56beabf1 gb-headline-text gb-headline-biggest\" data-title=\"100%\"><\/p>\n\n\n<div class=\"gb-container gb-container-8c601d07\">\n\n<div class=\"wp-block-boldblocks-counting-number\"><span class=\"value\" data-value=\"100\" data-start-val=\"0\" data-duration=\"2\" data-separator=\"\" data-decimal=\",\" data-enable-scroll-spy=\"true\" data-scroll-spy-once=\"false\" data-scroll-spy-delay=\"0\" data-prefix=\"\" data-suffix=\"%\"><\/span><span class=\"suffix\">%<\/span><\/div>\n\n<\/div>\n<\/div>\n\n\n<p class=\"gb-headline gb-headline-69c946fe gb-headline-text gb-headline-normal\">Clients fidelitzats<\/p>\n\n\n\n<p class=\"gb-headline gb-headline-d59b06e9 gb-headline-text gb-headline-small\">+15 ANYS<\/p>\n\n<\/div><\/div>\n<\/div>\n<\/div>\n<\/div>\n<\/div>\n\n<div class=\"gb-container gb-container-e3226b86 gb-container-seccio\">\n<div class=\"gb-container gb-container-1dd725aa gb-container-seccio-inner\">\n<div class=\"gb-container gb-container-cac5ef6a gb-container-seccio-inner\">\n\n<h2 class=\"gb-headline gb-headline-66ad27e6 gb-headline-text gb-headline-normal-plus\">Els nostres col\u00b7laboradors<\/h2>\n\n\n<div class=\"gb-container gb-container-6e6393bb\"><\/div>\n<\/div>\n\n<div class=\"gb-container gb-container-51ae916f\">\n\n<figure class=\"gb-block-image gb-block-image-acba9c96\"><img loading=\"lazy\" decoding=\"async\" width=\"307\" height=\"67\" class=\"gb-image gb-image-acba9c96\" src=\"https:\/\/finquesmartell.com\/wp-content\/uploads\/2023\/07\/logo-fuentes-lojo.png\" alt=\"\" title=\"logo-fonts-allotjament\"><\/figure>\n\n\n\n<figure class=\"gb-block-image gb-block-image-fc8597fa\"><img loading=\"lazy\" decoding=\"async\" width=\"311\" height=\"252\" class=\"gb-image gb-image-fc8597fa\" src=\"https:\/\/finquesmartell.com\/wp-content\/uploads\/2023\/07\/mellado-e1689329136218.png\" alt=\"\" title=\"mellat\"><\/figure>\n\n\n\n<figure class=\"gb-block-image gb-block-image-f8e27beb\"><img loading=\"lazy\" decoding=\"async\" width=\"337\" height=\"112\" class=\"gb-image gb-image-f8e27beb\" src=\"https:\/\/finquesmartell.com\/wp-content\/uploads\/2023\/07\/taaf-e1689329091332.png\" alt=\"\" title=\"taaf\"><\/figure>\n\n<\/div>\n<\/div>\n<\/div>\n\n<div class=\"gb-container gb-container-9d7b2ef4 gb-container-seccio\">\n<div class=\"gb-container gb-container-96f4259e gb-container-seccio-inner\">\n\n<h2 class=\"gb-headline gb-headline-cef8b028 gb-headline-text gb-headline-big\" data-title=\"Nuestras Instalaciones\">Instal\u00b7lacions<\/h2>\n\n\n\n<a class=\"gb-button gb-button-8e21ff68 gb-button-text gb-button-taronja\" href=\"https:\/\/finquesmartell.com\/ca\/les-nostres-installacions\/\">Les nostres instal\u00b7lacions<\/a>\n\n<\/div>\n<\/div>","protected":false},"excerpt":{"rendered":"<p>Origen Una traject\u00f2ria enfocadaal client i a la innovaci\u00f3. 1970 Llu\u00eds Martell i M\u00aa Rosa Rofes creen Finques Martell. La<\/p>\n","protected":false},"author":1,"featured_media":0,"parent":0,"menu_order":0,"comment_status":"closed","ping_status":"closed","template":"","meta":{"_acf_changed":false,"CBBTypography":[],"footnotes":""},"class_list":{"0":"post-11035","1":"page","2":"type-page","3":"status-publish","5":"no-featured-image-padding"},"acf":[],"_links":{"self":[{"href":"https:\/\/finquesmartell.com\/ca\/wp-json\/wp\/v2\/pages\/11035","targetHints":{"allow":["GET"]}}],"collection":[{"href":"https:\/\/finquesmartell.com\/ca\/wp-json\/wp\/v2\/pages"}],"about":[{"href":"https:\/\/finquesmartell.com\/ca\/wp-json\/wp\/v2\/types\/page"}],"author":[{"embeddable":true,"href":"https:\/\/finquesmartell.com\/ca\/wp-json\/wp\/v2\/users\/1"}],"replies":[{"embeddable":true,"href":"https:\/\/finquesmartell.com\/ca\/wp-json\/wp\/v2\/comments?post=11035"}],"version-history":[{"count":5,"href":"https:\/\/finquesmartell.com\/ca\/wp-json\/wp\/v2\/pages\/11035\/revisions"}],"predecessor-version":[{"id":22157,"href":"https:\/\/finquesmartell.com\/ca\/wp-json\/wp\/v2\/pages\/11035\/revisions\/22157"}],"wp:attachment":[{"href":"https:\/\/finquesmartell.com\/ca\/wp-json\/wp\/v2\/media?parent=11035"}],"curies":[{"name":"wp","href":"https:\/\/api.w.org\/{rel}","templated":true}]}}