{"id":11042,"date":"2023-05-11T09:32:14","date_gmt":"2023-05-11T09:32:14","guid":{"rendered":"https:\/\/finquesmartell.com\/politica-de-privadesa\/"},"modified":"2023-07-21T13:18:05","modified_gmt":"2023-07-21T13:18:05","slug":"politica-de-privadesa","status":"publish","type":"page","link":"https:\/\/finquesmartell.com\/ca\/politica-de-privadesa\/","title":{"rendered":"Pol\u00edtica de privadesa"},"content":{"rendered":"<div class=\"gb-container gb-container-7c5dac4f gb-container-seccio\">\n<div class=\"gb-container gb-container-3590aee1 gb-container-seccio-inner\">\n\n<p>Per tal d&#8217;aplicar la m\u00e0xima transpar\u00e8ncia en els tractaments de dades que fa Finques Martell Lloguers, SL, en el marc de la gesti\u00f3 www.finquesmartell.com i de la prestaci\u00f3 dels serveis contractats, publiquem la informaci\u00f3 seg\u00fcent:<\/p>\n\n\n\n<p><strong>Finques Martell Lloguers, SL<\/strong>, amb domicili comercial al carrer Independ\u00e8ncia, 307 baixos de Barcelona, \u200b\u200b08026 de Barcelona, \u200b\u200b\u00e9s el Responsable del tractament de les dades personals de l&#8217;usuari o interessat, i us informa que aquestes dades seran tractades de conformitat amb el que disposa la normativa vigent en protecci\u00f3 de dades personals, el Reglament (UE) 2016\/679 de 27 d&#8217;abril de 2016 (GDPR) relatiu a la protecci\u00f3 de les persones f\u00edsiques pel que fa al tractament de dades personals ia la lliure circulaci\u00f3 d&#8217;aquestes dades , per la qual cosa us facilita la seg\u00fcent informaci\u00f3 del tractament:<\/p>\n\n\n\n<h3 class=\"wp-block-heading\">Legitimaci\u00f3 del tractament<\/h3>\n\n\n\n<p>Finques Martell Lloguers, SL i Finques Martell Communitats, SL estan legitimades pel tractament de les dades dels interessats o usuaris, per la relaci\u00f3 contractual que regula la prestaci\u00f3 de serveis que ofereixen i pel consentiment expr\u00e9s donat, de facilitar les seves dades per a les finalitats anteriorment relacionades.<br\/>En cas que l&#8217;usuari o interessat no faciliti les vostres dades o es negui el tractament no es podr\u00e0 oferir el servei o enviar les comunicacions.<\/p>\n\n\n\n<h3 class=\"wp-block-heading\">Comunicaci\u00f3 de les dades<\/h3>\n\n\n\n<p>Per donar compliment a les finalitats de tractament abans indicades, Finques Martell Lloguers, SL, pel que fa al tractament amb la finalitat de la gesti\u00f3 de comunitats de propietaris, les dades facilitades seran cedides a Finques Martell Communitats, SL per oferir el correcte servei. Igualment, en cas que sigui necessari per a la prestaci\u00f3 de serveis de suport o manteniment que requereixin les finalitats dels tractaments, es facilitarien les dades de contacte dels interessats als prove\u00efdors de serveis i contractistes amb qu\u00e8 es mantingui una col\u00b7laboraci\u00f3 , estant identificats pr\u00e8viament a la comunicaci\u00f3 de dades.<\/p>\n\n\n\n<h3 class=\"wp-block-heading\">Finalitat del tractament<\/h3>\n\n\n\n<p>Les dades facilitades per l&#8217;usuari o interessat s&#8217;utilitzaran per realitzar les operacions previstes dins l&#8217;\u00e0mbit legal aplicable:<\/p>\n\n\n\n<p>Finques Martell Communitats, SL: administraci\u00f3 de comunitats de propietaris d&#8217;acord amb la normativa vigent aplicable, tramitar actuacions, enc\u00e0rrecs, sol\u00b7licituds o reclamacions de qualsevol tipus davant d&#8217;organismes oficials o tercers, que s&#8217;inclogui a la gesti\u00f3 de l&#8217;administraci\u00f3 de la finca ia petici\u00f3 de la Comunitat de propietaris a la figura del seu representant o dels acords de comunitat, remissi\u00f3 de comunicacions comercials publicit\u00e0ries per e-mail, SMS, MMS, comunitats i xarxes socials o qualsevol altre mitj\u00e0 electr\u00f2nic o f\u00edsic, present o futur, que possibiliti realitzar comunicacions comercials i relacionades sobre els seus productes i serveis, o dels seus col\u00b7laboradors o prove\u00efdors amb qu\u00e8 aquest hagi assolit algun acord de col\u00b7laboraci\u00f3.<\/p>\n\n\n\n<p>Finques Martell Lloguers, SL: gesti\u00f3 dels enc\u00e0rrecs de lloguer i compravenda d&#8217;immobles, i mantenir una relaci\u00f3 comercial amb l&#8217;Usuari, tramesa de comunicacions comercials publicit\u00e0ries per correu electr\u00f2nic, SMS, MMS, comunitats i xarxes socials o qualsevol altre mitj\u00e0 electr\u00f2nic o f\u00edsic, present o futur, que possibiliti fer comunicacions comercials. Aquestes comunicacions seran realitzades i relacionades sobre els seus productes i serveis, o dels seus col\u00b7laboradors o prove\u00efdors amb qu\u00e8 aquest hagi assolit algun acord de col\u00b7laboraci\u00f3.<\/p>\n\n\n\n<h3 class=\"wp-block-heading\">Criteris de conservaci\u00f3 de les dades<\/h3>\n\n\n\n<p>Les dades es conservaran mentre es mantingui la relaci\u00f3 contractual de prestaci\u00f3 de serveis i per aquell temps que la normativa comptable -Fiscal aplicable estableixi.<br\/>Es donaran de baixa quan es manifesti de manera expressa que no hi ha un inter\u00e8s per mantenir les dades per donar compliment a alguna de les finalitats del tractament, i quan ja no sigui necess\u00e0ria per a aquest fi.<br\/>Les dades, se suprimiran amb mesures de seguretat adequades per garantir la pseudonimitzaci\u00f3 de les dades o la destrucci\u00f3 total de les mateixes.<\/p>\n\n\n\n<h3 class=\"wp-block-heading\">Drets que assisteixen a l&#8217;Usuari<\/h3>\n\n\n\n<ul class=\"wp-block-list\">\n<li>Dret d&#8217;acc\u00e9s, rectificaci\u00f3, supressi\u00f3 de les vostres dades i de la limitaci\u00f3 o oposici\u00f3 al vostre tractament.<\/li>\n\n\n\n<li>Dret a la portabilitat de les vostres dades<\/li>\n\n\n\n<li>Dret a presentar una reclamaci\u00f3 davant de l&#8217;autoritat de control (agpd.es) si considera que el tractament no s&#8217;ajusta a la normativa vigent.<\/li>\n<\/ul>\n\n\n\n<h3 class=\"wp-block-heading\">Dades de contacte per exercir els seus drets:<\/h3>\n\n\n\n<ul class=\"wp-block-list\">\n<li>Adre\u00e7a postal: Finques Martell Lloguers, SL c\/ Independ\u00e8ncia 307 08026 Barcelona<\/li>\n\n\n\n<li>Correu electr\u00f2nic: <a href=\"mailto:direccio@fmartell-lloguers.com\">direccio@fmartell-lloguers.com<\/a><\/li>\n\n\n\n<li>Indicar quin dret es vol exercir i identificar-se de manera fefaent.<\/li>\n<\/ul>\n\n\n\n<h3 class=\"wp-block-heading\">Informaci\u00f3 Addicional<\/h3>\n\n\n\n<p>MESURES DE SEGURETAT. De conformitat amb el que disposa la normativa vigent en protecci\u00f3 de dades personals, Finques Martell Lloguers, SL est\u00e0 complint amb totes les disposicions de les normatives del RGPD, per al tractament de les dades personals de la seva responsabilitat, i manifestament amb els principis descrits a l&#8217;article 5 del RGPD, els que s\u00f3n tractats de manera l\u00edcita, lleial i transparent en relaci\u00f3 amb l&#8217;interessat i adequats, pertinents i limitats a all\u00f2 que \u00e9s necessari en relaci\u00f3 amb els fins per als quals s\u00f3n tractats.<br\/>Finques Martell Lloguers, SL garanteix que ha implementat pol\u00edtiques t\u00e8cniques i organitzatives apropiades per aplicar les mesures de seguretat que estableix el RGPD, per protegir els drets i llibertats dels Usuaris i els ha comunicat la informaci\u00f3 adequada perqu\u00e8 puguin exercir-los.<\/p>\n\n\n\n<p><\/p>\n\n<\/div>\n<\/div>","protected":false},"excerpt":{"rendered":"<p>Per tal d&#8217;aplicar la m\u00e0xima transpar\u00e8ncia en els tractaments de dades que fa Finques Martell Lloguers, SL, en el marc<\/p>\n","protected":false},"author":1,"featured_media":0,"parent":0,"menu_order":0,"comment_status":"closed","ping_status":"closed","template":"","meta":{"_acf_changed":false,"CBBTypography":[],"footnotes":""},"class_list":{"0":"post-11042","1":"page","2":"type-page","3":"status-publish","5":"no-featured-image-padding"},"acf":[],"_links":{"self":[{"href":"https:\/\/finquesmartell.com\/ca\/wp-json\/wp\/v2\/pages\/11042","targetHints":{"allow":["GET"]}}],"collection":[{"href":"https:\/\/finquesmartell.com\/ca\/wp-json\/wp\/v2\/pages"}],"about":[{"href":"https:\/\/finquesmartell.com\/ca\/wp-json\/wp\/v2\/types\/page"}],"author":[{"embeddable":true,"href":"https:\/\/finquesmartell.com\/ca\/wp-json\/wp\/v2\/users\/1"}],"replies":[{"embeddable":true,"href":"https:\/\/finquesmartell.com\/ca\/wp-json\/wp\/v2\/comments?post=11042"}],"version-history":[{"count":1,"href":"https:\/\/finquesmartell.com\/ca\/wp-json\/wp\/v2\/pages\/11042\/revisions"}],"predecessor-version":[{"id":11043,"href":"https:\/\/finquesmartell.com\/ca\/wp-json\/wp\/v2\/pages\/11042\/revisions\/11043"}],"wp:attachment":[{"href":"https:\/\/finquesmartell.com\/ca\/wp-json\/wp\/v2\/media?parent=11042"}],"curies":[{"name":"wp","href":"https:\/\/api.w.org\/{rel}","templated":true}]}}