{"id":11045,"date":"2023-05-11T09:30:26","date_gmt":"2023-05-11T07:30:26","guid":{"rendered":"https:\/\/finquesmartell.com\/declaracio-daccessibilitat\/"},"modified":"2023-07-21T13:17:55","modified_gmt":"2023-07-21T13:17:55","slug":"declaracio-daccessibilitat","status":"publish","type":"page","link":"https:\/\/finquesmartell.com\/ca\/declaracio-daccessibilitat\/","title":{"rendered":"Declaraci\u00f3 d&#8217;accessibilitat"},"content":{"rendered":"<div class=\"gb-container gb-container-aa3b000a gb-container-seccio\">\n<div class=\"gb-container gb-container-48b98196 gb-container-seccio-inner\">\n\n<p>Martell finques s&#8217;ha comprom\u00e8s a fer accessibles el seu lloc web de conformitat amb el Reial Decret 1112\/2018, de 7 de setembre sobre accessibilitat dels llocs web i aplicacions per a dispositius m\u00f2bils del sector p\u00fablic (d&#8217;ara endavant, Reial Decret 1112\/2018, de 7 de setembre).<\/p>\n\n\n\n<p>Aquesta declaraci\u00f3 d&#8217;accessibilitat s&#8217;aplica al lloc web https:\/\/URL (els subdominis d&#8217;aquest lloc web tindran declaracions d&#8217;accessibilitat pr\u00f2pies).<\/p>\n\n\n\n<h2 class=\"wp-block-heading\">Situaci\u00f3 de compliment<\/h2>\n\n\n\n<p>Aquest lloc web \u00e9s parcialment conforme amb el Reial decret 1112\/2018, de 7 de setembre, a causa de la manca de conformitat dels aspectes que s&#8217;indiquen a continuaci\u00f3.<\/p>\n\n\n\n<h2 class=\"wp-block-heading\">Contingut no accessible<\/h2>\n\n\n\n<p>El contingut que es recull a continuaci\u00f3 no \u00e9s accessible pel seg\u00fcent:<\/p>\n\n\n\n<ul class=\"wp-block-list\">\n<li>Manca de conformitat amb el Reial Decret 1112\/2018, de 7 de setembre: podrien existir errors puntuals d&#8217;edici\u00f3 en alguna p\u00e0gina web, tant en continguts HTML com en documents finals, publicats en data posterior al 20 de setembre de 2018 (data d&#8217;entrada en vigor del Reial decret 1112\/2018, de 7 de setembre). Concretament pot haver-hi errors en aquells documents que contenen gr\u00e0fics, taules complexes o en aquells signats electr\u00f2nicament abans de la revisi\u00f3 d&#8217;accessibilitat.<\/li>\n\n\n\n<li>C\u00e0rrega desproporcionada: no s&#8217;aplica.<\/li>\n<\/ul>\n\n\n\n<h2 class=\"wp-block-heading\">Preparaci\u00f3 d&#8217;aquesta declaraci\u00f3 d&#8217;accessibilitat<\/h2>\n\n\n\n<p>Aquesta declaraci\u00f3 va ser preparada el 3 dabril de 2023.<\/p>\n\n\n\n<p>El m\u00e8tode emprat per preparar la declaraci\u00f3 ha estat una autoavaluaci\u00f3 duta a terme per lempresa Erigin Creacions SL.<\/p>\n\n\n\n<p>\u00daltima revisi\u00f3 de la declaraci\u00f3: 3 d&#8217;abril de 2023<\/p>\n\n\n\n<h2 class=\"wp-block-heading\">Observacions i dades de contacte<\/h2>\n\n\n\n<p>Podeu realitzar comunicacions sobre requisits d&#8217;accessibilitat (article 10.2.a) del Reial decret 1112\/2018, de 7 de setembre) com, per exemple:<\/p>\n\n\n\n<ul class=\"wp-block-list\">\n<li>Informar sobre qualsevol possible incompliment per part daquest lloc web.<\/li>\n\n\n\n<li>Transmetre altres dificultats dacc\u00e9s al contingut.<\/li>\n\n\n\n<li>Formular qualsevol altra consulta o suggeriment de millora relativa a laccessibilitat del lloc web.<br\/><\/li>\n<\/ul>\n\n\n\n<p>A trav\u00e9s de les vies seg\u00fcents:<\/p>\n\n\n\n<p>Correu electr\u00f2nic: MAIL EMPRESA<\/p>\n\n\n\n<p>Tel\u00e8fons: TELF EMPRESA<br\/><\/p>\n\n\n\n<p>Les comunicacions seran rebudes i tractades per l&#8217;empresa Martell finques, com a unitat responsable dels continguts d&#8217;aquest lloc web.<\/p>\n\n\n\n<p>Tamb\u00e9 podeu sol\u00b7licitar en format accessible informaci\u00f3 que no compleixi amb els requisits d&#8217;accessibilitat b\u00e9 per estar exclosa, b\u00e9 per estar exempta per c\u00e0rrega desproporcionada; o formular una queixa per incompliment dels requisits daccessibilitat. Enlla\u00e7 al procediment de sol\u00b7licitud d&#8217;informaci\u00f3 accessible i queixes (12 del Reial decret 1112\/2018, de 7 de setembre).<\/p>\n\n\n\n<h2 class=\"wp-block-heading\">Procediment d&#8217;aplicaci\u00f3<\/h2>\n\n\n\n<p>A trav\u00e9s d&#8217;aquest procediment podreu iniciar una reclamaci\u00f3 per con\u00e8ixer i oposar-vos als motius de la desestimaci\u00f3 d&#8217;una sol\u00b7licitud d&#8217;informaci\u00f3 accessible o queixa, instar l&#8217;adopci\u00f3 de les mesures oportunes en cas de no estar d&#8217;acord amb la decisi\u00f3 adoptada, o exposar les raons per les quals es considera que la resposta no compleix els requisits exigits.<\/p>\n\n\n\n<h2 class=\"wp-block-heading\">Contingut opcional<\/h2>\n\n\n\n<p>La versi\u00f3 actualment visible d&#8217;aquest lloc web \u00e9s d&#8217;abril del 2023 i en aquesta data es va fer la revisi\u00f3 del nivell d&#8217;accessibilitat vigent en aquell moment.<\/p>\n\n\n\n<p>A partir de la data esmentada es duen a terme revisions parcials di\u00e0ries del contingut web nou o modificat, tant de les plantilles com de les p\u00e0gines i documents finals publicats, a fi d&#8217;assegurar el compliment dels requeriments d&#8217;accessibilitat de la Norma UNE-EN 301549 :2019, considerant les excepcions del Reial decret 1112\/2018, de 7 de setembre.<\/p>\n\n\n\n<p>Entre altres, s&#8217;adopten les mesures seg\u00fcents per facilitar l&#8217;accessibilitat:<\/p>\n\n\n\n<ul class=\"wp-block-list\">\n<li>Utilitzaci\u00f3 de text alternatiu a les imatges<\/li>\n\n\n\n<li>Els enlla\u00e7os ofereixen detalls de la funci\u00f3 o destinaci\u00f3 de l&#8217;hiperenlla\u00e7<\/li>\n\n\n\n<li>\u00das dels est\u00e0ndards del W3C: XHTML 1.0, CSS 3.0, WAI AA.<\/li>\n<\/ul>\n\n\n\n<p>\u00daltima modificaci\u00f3: 11-05-23<\/p>\n\n\n\n<p><\/p>\n\n<\/div>\n<\/div>","protected":false},"excerpt":{"rendered":"<p>Martell finques s&#8217;ha comprom\u00e8s a fer accessibles el seu lloc web de conformitat amb el Reial Decret 1112\/2018, de 7<\/p>\n","protected":false},"author":1,"featured_media":0,"parent":0,"menu_order":0,"comment_status":"closed","ping_status":"closed","template":"","meta":{"_acf_changed":false,"CBBTypography":[],"footnotes":""},"class_list":{"0":"post-11045","1":"page","2":"type-page","3":"status-publish","5":"no-featured-image-padding"},"acf":[],"_links":{"self":[{"href":"https:\/\/finquesmartell.com\/ca\/wp-json\/wp\/v2\/pages\/11045","targetHints":{"allow":["GET"]}}],"collection":[{"href":"https:\/\/finquesmartell.com\/ca\/wp-json\/wp\/v2\/pages"}],"about":[{"href":"https:\/\/finquesmartell.com\/ca\/wp-json\/wp\/v2\/types\/page"}],"author":[{"embeddable":true,"href":"https:\/\/finquesmartell.com\/ca\/wp-json\/wp\/v2\/users\/1"}],"replies":[{"embeddable":true,"href":"https:\/\/finquesmartell.com\/ca\/wp-json\/wp\/v2\/comments?post=11045"}],"version-history":[{"count":1,"href":"https:\/\/finquesmartell.com\/ca\/wp-json\/wp\/v2\/pages\/11045\/revisions"}],"predecessor-version":[{"id":11047,"href":"https:\/\/finquesmartell.com\/ca\/wp-json\/wp\/v2\/pages\/11045\/revisions\/11047"}],"wp:attachment":[{"href":"https:\/\/finquesmartell.com\/ca\/wp-json\/wp\/v2\/media?parent=11045"}],"curies":[{"name":"wp","href":"https:\/\/api.w.org\/{rel}","templated":true}]}}