{"id":11057,"date":"2023-05-04T13:59:03","date_gmt":"2023-05-04T11:59:03","guid":{"rendered":"https:\/\/finquesmartell.com\/home\/"},"modified":"2024-04-02T09:30:26","modified_gmt":"2024-04-02T07:30:26","slug":"home","status":"publish","type":"page","link":"https:\/\/finquesmartell.com\/ca\/","title":{"rendered":"Home"},"content":{"rendered":"<div class=\"gb-container gb-container-e5085c56 custom-slider alignfull gb-container-seccio\">\n<div class=\"gb-container gb-container-81301e97 gb-container-seccio-inner\">\n\n<div class=\"wp-block-boldblocks-carousel-item-repeater cbb-block-parent is-carousel js-carousel-layout cbb-g-1 cbb-carousel-preload\" data-carousel-settings=\"{&amp;quot;speed&amp;quot;:2000,&amp;quot;loop&amp;quot;:true,&amp;quot;rewind&amp;quot;:false,&amp;quot;autoplay&amp;quot;:{&amp;quot;delay&amp;quot;:2000},&amp;quot;effect&amp;quot;:&amp;quot;fade&amp;quot;,&amp;quot;fadeEffect&amp;quot;:{&amp;quot;crossFade&amp;quot;:true},&amp;quot;slidesPerView&amp;quot;:1,&amp;quot;pagination&amp;quot;:true,&amp;quot;paginationSettings&amp;quot;:{&amp;quot;enable&amp;quot;:true,&amp;quot;size&amp;quot;:&amp;quot;12px&amp;quot;,&amp;quot;spacing&amp;quot;:&amp;quot;10px&amp;quot;,&amp;quot;color&amp;quot;:&amp;quot;&amp;quot;,&amp;quot;inactiveColor&amp;quot;:&amp;quot;&amp;quot;,&amp;quot;opacity&amp;quot;:0.3,&amp;quot;dynamicBullets&amp;quot;:true,&amp;quot;horizontalGap&amp;quot;:&amp;quot;5px&amp;quot;},&amp;quot;navigation&amp;quot;:true,&amp;quot;navigationSettings&amp;quot;:{&amp;quot;enable&amp;quot;:true,&amp;quot;size&amp;quot;:&amp;quot;44px&amp;quot;,&amp;quot;spacing&amp;quot;:&amp;quot;10px&amp;quot;,&amp;quot;color&amp;quot;:&amp;quot;&amp;quot;},&amp;quot;scrollbar&amp;quot;:false}\"><div class=\"carousel__inner\">\n<div class=\"wp-block-boldblocks-carousel-item cbb-block is-carousel-item has-parent carousel-item is-layout-flow wp-block-boldblocks-carousel-item-is-layout-flow\"><div class=\"gb-container gb-container-f635332e\"><a class=\"gb-container-link\" href=\"https:\/\/finquesmartell.com\/servicios\/compra-venta-y-alquiler\/\"><\/a>\n<div class=\"gb-container gb-container-57408d23\">\n\n<h2 class=\"gb-headline gb-headline-c4856f17 gb-headline-text gb-headline-big\">Vols vendre o comprar?<\/h2>\n\n\n\n<p class=\"gb-headline gb-headline-4f50b098 gb-headline-text gb-headline-small\">Col\u00b7laborem i us assessorem de principi a fi per aconseguir les vostres metes.<\/p>\n\n<\/div>\n<\/div><\/div>\n\n\n\n<div class=\"wp-block-boldblocks-carousel-item cbb-block is-carousel-item has-parent carousel-item is-layout-flow wp-block-boldblocks-carousel-item-is-layout-flow\"><div class=\"gb-container gb-container-ac64dd3f\"><a class=\"gb-container-link\" href=\"\/blog\/\"><\/a>\n<div class=\"gb-container gb-container-597e156a\">\n\n<h2 class=\"gb-headline gb-headline-6cf4bc1e gb-headline-text gb-headline-big\">\u00daltimes not\u00edcies del sector immobiliari<\/h2>\n\n\n\n<p class=\"gb-headline gb-headline-de69a992 gb-headline-text gb-headline-small\">Coneix tot sobre la teva llar i pren decisions informades amb la nostra ajuda.<\/p>\n\n<\/div>\n<\/div><\/div>\n<\/div><\/div>\n\n<\/div>\n<\/div><div class=\"gb-container gb-container-4106c290 gb-container-seccio\">\n<div class=\"gb-container gb-container-528b4fb6 gb-container-seccio-inner\">\n\n<h2 class=\"gb-headline gb-headline-4fa15ed2 gb-headline-text gb-headline-normal-plus\">ADMINISTRADORS DE FINQUES Des de<\/h2>\n\n\n\n<div class=\"gb-headline gb-headline-da08916e gb-headline-text gb-headline-biggest-plus\">1970<\/div>\n\n\n\n<h2 class=\"gb-headline gb-headline-b4b77d1c gb-headline-text gb-headline-biggest\" data-title=\"1970 1980 1990 2000 2010\">Administrem la teva llar,<br>facilitem la teva vida<\/h2>\n\n\n\n<h3 class=\"gb-headline gb-headline-a62f8678 gb-headline-text gb-headline-medium-plus\">+50 anys fent-te sentir a casa<\/h3>\n\n<\/div>\n<\/div><div class=\"gb-container gb-container-934e9fc0 gb-container-seccio\">\n<div class=\"gb-container gb-container-96104290 gb-container-seccio-inner\">\n<div class=\"gb-container gb-container-955cd575\">\n\n<a class=\"gb-button gb-button-c279c9a6 gb-button-text gb-button-quadrats\" href=\"https:\/\/finquesmartell.com\/ca\/serveis\/gestio-patrimonial\/\">Gesti\u00f3 de <strong>patrimoni<\/strong><br><em>Rentabilitza al m\u00e0xim els teus immobles.<\/em><\/a>\n\n\n\n<a class=\"gb-button gb-button-0707a483 gb-button-text gb-button-quadrats\" href=\"https:\/\/finquesmartell.com\/ca\/serveis\/administracio-de-finques\/\">Gesti\u00f3 de <strong>comunitats<\/strong><br><em>Experts en fer-te la vida m\u00e9s f\u00e0cil.<\/em><\/a>\n\n\n\n<a class=\"gb-button gb-button-9249db45 gb-button-text gb-button-quadrats\" href=\"https:\/\/finquesmartell.com\/ca\/serveis\/compra-venda-i-lloguer\/\">Venda i <strong>Lloguer<\/strong><br><em>Gesti\u00f3 integral de principi a fi.<\/em><\/a>\n\n<\/div>\n<\/div>\n<\/div><div class=\"gb-container gb-container-9d422fc1 gb-container-seccio\">\n<div class=\"gb-container gb-container-3c03f0b3 gb-container-seccio-inner\">\n\n<h2 class=\"gb-headline gb-headline-c37df355 gb-headline-big\"><span class=\"gb-icon\"><svg xmlns:xlink=\"http:\/\/www.w3.org\/1999\/xlink\" xmlns=\"http:\/\/www.w3.org\/2000\/svg\" style=\"margin-bottom:-30px;\" version=\"1.1\" viewbox=\"0 0 237 88\" height=\"88px\" width=\"237px\"><g fill-rule=\"evenodd\" fill=\"none\" stroke-width=\"1\" stroke=\"none\" id=\"Page-1\"><path fill-rule=\"nonzero\" fill=\"#E84100\" id=\"ico-house\" d=\"M40.3539913,52.7956489 L40.3539913,87.7956489 L36.3539913,87.7956489 L36.3539913,52.7956489 L40.3539913,52.7956489 Z M203.353991,52.7956489 L203.353991,87.7956489 L199.353991,87.7956489 L199.353991,52.7956489 L203.353991,52.7956489 Z M0,66.6940335 L118.150166,0 L236.705869,66.6910191 L234.744534,70.177816 L118.152991,4.58964895 L1.9663254,70.177816 L0,66.6940335 Z\"><\/path><\/g><\/svg><\/span><span class=\"gb-headline-text\">La teva llar en un sol lloc<\/span><\/h2>\n\n\n\n<h3 class=\"gb-headline gb-headline-026c7a1b gb-headline-text gb-headline-medium\">Assessorament, solucions i serveis per viure millor.<\/h3>\n\n\n<div class=\"gb-container gb-container-97d9248a\">\n<div class=\"gb-grid-wrapper gb-grid-wrapper-d980dc48\">\n<div class=\"gb-grid-column gb-grid-column-f887a26d\"><div class=\"gb-container gb-container-f887a26d\">\n<div class=\"gb-container gb-container-cc1493c5\">\n\n<p class=\"gb-headline gb-headline-ba642fbc gb-headline-text gb-headline-biggest\" data-title=\"8000\"><\/p>\n\n\n<div class=\"gb-container gb-container-8ac4ce92\">\n\n<div class=\"wp-block-boldblocks-counting-number\"><span class=\"prefix\">+<\/span><span class=\"value\" data-value=\"8000\" data-start-val=\"0\" data-duration=\"2\" data-separator=\"\" data-decimal=\",\" data-enable-scroll-spy=\"true\" data-scroll-spy-once=\"true\" data-scroll-spy-delay=\"0\" data-prefix=\"+\" data-suffix=\"\"><\/span><\/div>\n\n<\/div>\n<\/div>\n\n\n<p class=\"gb-headline gb-headline-5a008333 gb-headline-text gb-headline-normal-plus\">Habitatges<\/p>\n\n<\/div><\/div>\n\n<div class=\"gb-grid-column gb-grid-column-40e24037\"><div class=\"gb-container gb-container-40e24037\">\n<div class=\"gb-container gb-container-c56718d5\">\n\n<p class=\"gb-headline gb-headline-61d39c8e gb-headline-text gb-headline-biggest\" data-title=\"400\"><\/p>\n\n\n<div class=\"gb-container gb-container-e238d38d\">\n\n<div class=\"wp-block-boldblocks-counting-number\"><span class=\"prefix\">+<\/span><span class=\"value\" data-value=\"400\" data-start-val=\"0\" data-duration=\"1.25\" data-separator=\"\" data-decimal=\",\" data-enable-scroll-spy=\"true\" data-scroll-spy-once=\"true\" data-scroll-spy-delay=\"0\" data-prefix=\"+\" data-suffix=\"\"><\/span><\/div>\n\n<\/div>\n<\/div>\n\n\n<p class=\"gb-headline gb-headline-5742a6c9 gb-headline-text gb-headline-normal-plus\">Comunitats<\/p>\n\n<\/div><\/div>\n\n<div class=\"gb-grid-column gb-grid-column-0fe85d8d\"><div class=\"gb-container gb-container-0fe85d8d\">\n<div class=\"gb-container gb-container-6f7886a9\">\n\n<p class=\"gb-headline gb-headline-a6548f2c gb-headline-text gb-headline-biggest\" data-title=\"1000\"><\/p>\n\n\n<div class=\"gb-container gb-container-5fa3a55b\">\n\n<div class=\"wp-block-boldblocks-counting-number\"><span class=\"prefix\">+<\/span><span class=\"value\" data-value=\"1000\" data-start-val=\"0\" data-duration=\"1.5\" data-separator=\"\" data-decimal=\",\" data-enable-scroll-spy=\"true\" data-scroll-spy-once=\"true\" data-scroll-spy-delay=\"0\" data-prefix=\"+\" data-suffix=\"\"><\/span><\/div>\n\n<\/div>\n<\/div>\n\n\n<p class=\"gb-headline gb-headline-c3a4020c gb-headline-text gb-headline-normal-plus\">Operacions<\/p>\n\n\n\n<p class=\"gb-headline gb-headline-608e5d43 gb-headline-text gb-headline-small\">Venda \/ Lloguer<\/p>\n\n<\/div><\/div>\n\n<div class=\"gb-grid-column gb-grid-column-d9c4a3ef\"><div class=\"gb-container gb-container-d9c4a3ef\">\n<div class=\"gb-container gb-container-4af82986\">\n\n<p class=\"gb-headline gb-headline-138e7e64 gb-headline-text gb-headline-biggest\" data-title=\"30\"><\/p>\n\n\n<div class=\"gb-container gb-container-3e64e646\">\n\n<div class=\"wp-block-boldblocks-counting-number\"><span class=\"prefix\">+<\/span><span class=\"value\" data-value=\"30\" data-start-val=\"0\" data-duration=\"1\" data-separator=\"\" data-decimal=\",\" data-enable-scroll-spy=\"true\" data-scroll-spy-once=\"true\" data-scroll-spy-delay=\"0\" data-prefix=\"+\" data-suffix=\"\"><\/span><\/div>\n\n<\/div>\n<\/div>\n\n\n<p class=\"gb-headline gb-headline-f2e8c934 gb-headline-text gb-headline-normal-plus\">Serveis<\/p>\n\n\n\n<p class=\"gb-headline gb-headline-5c5a51d3 gb-headline-text gb-headline-small\">Personalitzats<\/p>\n\n<\/div><\/div>\n<\/div>\n<\/div>\n<\/div>\n<\/div><div class=\"gb-container gb-container-1d3e567b gb-container-seccio\">\n<div class=\"gb-container gb-container-12b77676\">\n<div class=\"gb-container gb-container-a50efbe4\">\n\n<h2 class=\"gb-headline gb-headline-8ff8a5f1 gb-headline-text gb-headline-big\">\u00c0rea Client 24h.<\/h2>\n\n\n\n<h3 class=\"gb-headline gb-headline-666b00a1 gb-headline-text gb-headline-medium\">Tot a la m\u00e0 i en qualsevol moment<\/h3>\n\n\n\n<p class=\"gb-headline gb-headline-9e469cdb gb-headline-text\">Amb l&#8217;\u00e0rea de clients en l\u00ednia tindr\u00e0s acc\u00e9s les 24<br>hores del dia als teus contractes, incid\u00e8ncies i<br>liquidacions, i podr\u00e0s controlar l&#8217;historial de<br>gestions, pressupostos i la situaci\u00f3 de morositat.<br>Mantingues el control de manera f\u00e0cil i r\u00e0pida.<br>On vulguis i quan vulguis.<\/p>\n\n\n\n<a class=\"gb-button gb-button-bc519493 gb-button-text gb-button-blau-outline\" href=\"https:\/\/administracioonline.finquesmartell.com\/#\/login\" target=\"_blank\" rel=\"noopener noreferrer\">Descobreix la nostra \u00c0REA CLIENT<\/a>\n\n<\/div>\n<\/div>\n<\/div><div class=\"gb-container gb-container-bd731b89 gb-container-seccio\">\n<div class=\"gb-container gb-container-96f4259e gb-container-seccio-inner\">\n\n<h2 class=\"gb-headline gb-headline-cef8b028 gb-headline-text gb-headline-big\" data-title=\"\u00bfQuienes somos?\">Qui som?<\/h2>\n\n\n\n<a class=\"gb-button gb-button-f0abf874 gb-button-text gb-button-taronja\" href=\"https:\/\/finquesmartell.com\/ca\/qui-som\/\">La nostra hist\u00f2ria<\/a>\n\n<\/div>\n<\/div><div class=\"gb-container gb-container-e1d8a5fa gb-container-seccio\">\n<div class=\"gb-container gb-container-d1235a4f gb-container-seccio-inner\">\n\n<h2 class=\"gb-headline gb-headline-61a32861 gb-headline-text gb-headline-normal-plus\">Blog<\/h2>\n\n\n<div class=\"gb-container gb-container-764fe1b4\"><\/div>\n\n\n<h2 class=\"gb-headline gb-headline-f6e6e701 gb-headline-text gb-headline-big\">Actualitza&#8217;t sobre el sector<br>i coneix tot all\u00f2 que t&#8217;oferim.<\/h2>\n\n\n<div class=\"gb-container gb-container-33607c6e\">\n\n<div class=\"gb-grid-wrapper gb-grid-wrapper-31ce1700 gb-query-loop-wrapper gb-grid-wrapper-bloc\">\n<div class=\"gb-grid-column gb-grid-column-d2c9c021 gb-query-loop-item post-39507 post type-post status-publish format-standard has-post-thumbnail hentry category-sin-categorizar gb-grid-column-blog-item\"><div class=\"gb-container gb-container-d2c9c021 gb-container-blog-item\"><a class=\"gb-container-link\" href=\"https:\/\/finquesmartell.com\/ca\/locals-convertits-en-habitatges-com-convertir-un-local-en-habitatge\/\"><\/a>\n<div class=\"gb-container gb-container-87565aee gb-container-blog-img-cont\">\n<figure class=\"gb-block-image gb-block-image-d2717c13\"><img loading=\"lazy\" decoding=\"async\" width=\"800\" height=\"500\" src=\"https:\/\/finquesmartell.com\/wp-content\/uploads\/2024\/03\/pexels-suzy-hazelwood-2679323-800x500.jpg\" class=\"gb-image-d2717c13  gb-image-blog-img\" alt=\"Locales convertidos en viviendas\" srcset=\"https:\/\/finquesmartell.com\/wp-content\/uploads\/2024\/03\/pexels-suzy-hazelwood-2679323-800x500.jpg 800w, https:\/\/finquesmartell.com\/wp-content\/uploads\/2024\/03\/pexels-suzy-hazelwood-2679323-768x480.jpg 768w, https:\/\/finquesmartell.com\/wp-content\/uploads\/2024\/03\/pexels-suzy-hazelwood-2679323.jpg 1280w\" sizes=\"auto, (max-width: 800px) 100vw, 800px\" \/><\/figure>\n<\/div>\n\n<div class=\"gb-container gb-container-a26a5cab gb-container-blog-txt-cont\">\n<p class=\"gb-headline gb-headline-4eb83d72 gb-headline-text gb-headline-small\"><time class=\"entry-date published\" datetime=\"2024-03-25T16:59:43+01:00\">25 de mar\u00e7 de 2024<\/time><\/p>\n\n<h3 class=\"gb-headline gb-headline-4c10b6dc gb-headline-text gb-headline-normal\">Locals convertits en habitatges: com convertir un local en habitatge<\/h3>\n<\/div>\n<\/div><\/div>\n\n<div class=\"gb-grid-column gb-grid-column-d2c9c021 gb-query-loop-item post-39388 post type-post status-publish format-standard has-post-thumbnail hentry category-sin-categorizar gb-grid-column-blog-item\"><div class=\"gb-container gb-container-d2c9c021 gb-container-blog-item\"><a class=\"gb-container-link\" href=\"https:\/\/finquesmartell.com\/ca\/com-llogar-el-teu-pis-al-carmel\/\"><\/a>\n<div class=\"gb-container gb-container-87565aee gb-container-blog-img-cont\">\n<figure class=\"gb-block-image gb-block-image-d2717c13\"><img loading=\"lazy\" decoding=\"async\" width=\"800\" height=\"425\" src=\"https:\/\/finquesmartell.com\/wp-content\/uploads\/2024\/03\/carmel-800x425.jpg\" class=\"gb-image-d2717c13  gb-image-blog-img\" alt=\"alquilar tu piso en el Carmel\" srcset=\"https:\/\/finquesmartell.com\/wp-content\/uploads\/2024\/03\/carmel-800x425.jpg 800w, https:\/\/finquesmartell.com\/wp-content\/uploads\/2024\/03\/carmel-768x408.jpg 768w, https:\/\/finquesmartell.com\/wp-content\/uploads\/2024\/03\/carmel.jpg 1023w\" sizes=\"auto, (max-width: 800px) 100vw, 800px\" \/><\/figure>\n<\/div>\n\n<div class=\"gb-container gb-container-a26a5cab gb-container-blog-txt-cont\">\n<p class=\"gb-headline gb-headline-4eb83d72 gb-headline-text gb-headline-small\"><time class=\"entry-date published\" datetime=\"2024-03-20T15:27:33+01:00\">20 de mar\u00e7 de 2024<\/time><\/p>\n\n<h3 class=\"gb-headline gb-headline-4c10b6dc gb-headline-text gb-headline-normal\">Com llogar el teu pis al Carmel<\/h3>\n<\/div>\n<\/div><\/div>\n\n<div class=\"gb-grid-column gb-grid-column-d2c9c021 gb-query-loop-item post-69401 post type-post status-publish format-standard has-post-thumbnail hentry category-sin-categorizar gb-grid-column-blog-item\"><div class=\"gb-container gb-container-d2c9c021 gb-container-blog-item\"><a class=\"gb-container-link\" href=\"https:\/\/finquesmartell.com\/ca\/que-es-el-valor-de-referencia-cadastralcom-consultar-ho\/\"><\/a>\n<div class=\"gb-container gb-container-87565aee gb-container-blog-img-cont\">\n<figure class=\"gb-block-image gb-block-image-d2717c13\"><img loading=\"lazy\" decoding=\"async\" width=\"800\" height=\"533\" src=\"https:\/\/finquesmartell.com\/wp-content\/uploads\/2024\/02\/pexels-mikhail-nilov-8297031-800x533.jpg\" class=\"gb-image-d2717c13  gb-image-blog-img\" alt=\"valor de\" srcset=\"https:\/\/finquesmartell.com\/wp-content\/uploads\/2024\/02\/pexels-mikhail-nilov-8297031-800x533.jpg 800w, https:\/\/finquesmartell.com\/wp-content\/uploads\/2024\/02\/pexels-mikhail-nilov-8297031-768x512.jpg 768w, https:\/\/finquesmartell.com\/wp-content\/uploads\/2024\/02\/pexels-mikhail-nilov-8297031.jpg 1280w\" sizes=\"auto, (max-width: 800px) 100vw, 800px\" \/><\/figure>\n<\/div>\n\n<div class=\"gb-container gb-container-a26a5cab gb-container-blog-txt-cont\">\n<p class=\"gb-headline gb-headline-4eb83d72 gb-headline-text gb-headline-small\"><time class=\"entry-date published\" datetime=\"2024-02-02T19:52:23+01:00\">2 de febrer de 2024<\/time><\/p>\n\n<h3 class=\"gb-headline gb-headline-4c10b6dc gb-headline-text gb-headline-normal\">Qu\u00e8 \u00e9s el valor de refer\u00e8ncia cadastral?\nCom consultar-ho?<\/h3>\n<\/div>\n<\/div><\/div>\n\n<div class=\"gb-grid-column gb-grid-column-d2c9c021 gb-query-loop-item post-38419 post type-post status-publish format-standard has-post-thumbnail hentry category-sin-categorizar gb-grid-column-blog-item\"><div class=\"gb-container gb-container-d2c9c021 gb-container-blog-item\"><a class=\"gb-container-link\" href=\"https:\/\/finquesmartell.com\/ca\/com-llogar-el-teu-pis-a-la-sagrada-familia-consells-essencials\/\"><\/a>\n<div class=\"gb-container gb-container-87565aee gb-container-blog-img-cont\">\n<figure class=\"gb-block-image gb-block-image-d2717c13\"><img loading=\"lazy\" decoding=\"async\" width=\"800\" height=\"600\" src=\"https:\/\/finquesmartell.com\/wp-content\/uploads\/2024\/02\/pexels-mehmet-turgut-kirkgoz-11377755-800x600.jpg\" class=\"gb-image-d2717c13  gb-image-blog-img\" alt=\"Para consultas puedes comunicarte con FINQUES MARTELL en: central@fmartell-comunitats.com.      \nMantente conectado con FINQUES MARTELL:    \n\nWebsite: finquesmartell.com         \nD\u00f3nde Estamos:\" srcset=\"https:\/\/finquesmartell.com\/wp-content\/uploads\/2024\/02\/pexels-mehmet-turgut-kirkgoz-11377755-800x600.jpg 800w, https:\/\/finquesmartell.com\/wp-content\/uploads\/2024\/02\/pexels-mehmet-turgut-kirkgoz-11377755-768x576.jpg 768w, https:\/\/finquesmartell.com\/wp-content\/uploads\/2024\/02\/pexels-mehmet-turgut-kirkgoz-11377755.jpg 1280w\" sizes=\"auto, (max-width: 800px) 100vw, 800px\" \/><\/figure>\n<\/div>\n\n<div class=\"gb-container gb-container-a26a5cab gb-container-blog-txt-cont\">\n<p class=\"gb-headline gb-headline-4eb83d72 gb-headline-text gb-headline-small\"><time class=\"entry-date published\" datetime=\"2024-01-24T19:54:17+01:00\">24 de gener de 2024<\/time><\/p>\n\n<h3 class=\"gb-headline gb-headline-4c10b6dc gb-headline-text gb-headline-normal\">Com llogar el teu pis a la Sagrada Fam\u00edlia: consells essencials<\/h3>\n<\/div>\n<\/div><\/div>\n<\/div>\n\n<\/div>\n<\/div>\n<\/div>","protected":false},"excerpt":{"rendered":"<p>ADMINISTRADORS DE FINQUES Des de 1970 Administrem la teva llar,facilitem la teva vida +50 anys fent-te sentir a casa La<\/p>\n","protected":false},"author":1,"featured_media":12979,"parent":0,"menu_order":0,"comment_status":"closed","ping_status":"closed","template":"","meta":{"_acf_changed":false,"CBBTypography":[],"footnotes":""},"class_list":{"0":"post-11057","1":"page","2":"type-page","3":"status-publish","4":"has-post-thumbnail","6":"no-featured-image-padding"},"acf":[],"_links":{"self":[{"href":"https:\/\/finquesmartell.com\/ca\/wp-json\/wp\/v2\/pages\/11057","targetHints":{"allow":["GET"]}}],"collection":[{"href":"https:\/\/finquesmartell.com\/ca\/wp-json\/wp\/v2\/pages"}],"about":[{"href":"https:\/\/finquesmartell.com\/ca\/wp-json\/wp\/v2\/types\/page"}],"author":[{"embeddable":true,"href":"https:\/\/finquesmartell.com\/ca\/wp-json\/wp\/v2\/users\/1"}],"replies":[{"embeddable":true,"href":"https:\/\/finquesmartell.com\/ca\/wp-json\/wp\/v2\/comments?post=11057"}],"version-history":[{"count":12,"href":"https:\/\/finquesmartell.com\/ca\/wp-json\/wp\/v2\/pages\/11057\/revisions"}],"predecessor-version":[{"id":39519,"href":"https:\/\/finquesmartell.com\/ca\/wp-json\/wp\/v2\/pages\/11057\/revisions\/39519"}],"wp:featuredmedia":[{"embeddable":true,"href":"https:\/\/finquesmartell.com\/ca\/wp-json\/wp\/v2\/media\/12979"}],"wp:attachment":[{"href":"https:\/\/finquesmartell.com\/ca\/wp-json\/wp\/v2\/media?parent=11057"}],"curies":[{"name":"wp","href":"https:\/\/api.w.org\/{rel}","templated":true}]}}