{"id":11059,"date":"2023-05-05T09:37:16","date_gmt":"2023-05-05T07:37:16","guid":{"rendered":"https:\/\/finquesmartell.com\/serveis\/compra-venda-i-lloguer\/"},"modified":"2024-02-16T10:44:53","modified_gmt":"2024-02-16T09:44:53","slug":"compra-venda-i-lloguer","status":"publish","type":"page","link":"https:\/\/finquesmartell.com\/ca\/serveis\/compra-venda-i-lloguer\/","title":{"rendered":"Compra-venda i lloguer"},"content":{"rendered":"<div class=\"gb-container gb-container-c0bd6d3f gb-container-seccio\">\n<div class=\"gb-container gb-container-2e2c90bf gb-container-seccio-inner\">\n<div class=\"gb-container gb-container-42f4d18b\">\n\n<h2 class=\"gb-headline gb-headline-5032fe8d gb-headline-text gb-headline-biggest\">Compris, venguis o lloguis un immoble, el teu objectiu \u00e9s el nostre prop\u00f2sit.<\/h2>\n\n<\/div>\n\n<div class=\"gb-container gb-container-e5cb305f\">\n\n<p class=\"gb-headline gb-headline-ef64a21c gb-headline-text gb-headline-medium\">Col\u00b7laborem i us assessorem de principi a fi per aconseguir les vostres metes.<\/p>\n\n<\/div>\n\n<div class=\"gb-container gb-container-ea585e7f alignfull\"><\/div>\n<\/div>\n<\/div>\n\n<div class=\"gb-container gb-container-51266ce9 gb-container-seccio\">\n<div class=\"gb-container gb-container-58b2f8f2 gb-container-seccio-inner\">\n\n<h2 class=\"gb-headline gb-headline-61a32861 gb-headline-text gb-headline-normal-plus\">La nostra metodologia<\/h2>\n\n\n<div class=\"gb-container gb-container-764fe1b4\"><\/div>\n<\/div>\n\n<div class=\"gb-container gb-container-41e21e23 gb-container-seccio-inner\">\n\n<h2 class=\"gb-headline gb-headline-382a6a41 gb-headline-text gb-headline-normal-plus\">Ens agrada construir relacions reals amb els nostres clients. Si vols vendre, comprar o llogar un immoble, t&#8217;assessorem en tot el proc\u00e9s i t&#8217;acompanyem personalment perqu\u00e8 es compleixin les teves expectatives.<\/h2>\n\n<\/div>\n<\/div>\n\n<div class=\"gb-container gb-container-caed2447 gb-container-seccio\">\n<div class=\"gb-container gb-container-66e39670 gb-container-seccio-inner\">\n<div class=\"gb-grid-wrapper gb-grid-wrapper-124e63f4\">\n<div class=\"gb-grid-column gb-grid-column-ff4cd2e4\"><div class=\"gb-container gb-container-ff4cd2e4\">\n\n<div class=\"gb-headline gb-headline-e57a2147 gb-headline-text gb-headline-big\" data-title=\"1\">1<\/div>\n\n\n\n<h3 class=\"gb-headline gb-headline-db94ad86 gb-headline-text gb-headline-titol\">Assessorament<\/h3>\n\n\n\n<p class=\"gb-headline gb-headline-7c97a126 gb-headline-text\">La nostra estrat\u00e8gia et brinda l&#8217;avantatge necessari perqu\u00e8 cada decisi\u00f3 que prenguis sigui l&#8217;encertada.<\/p>\n\n<\/div><\/div>\n\n<div class=\"gb-grid-column gb-grid-column-57c0b6d2\"><div class=\"gb-container gb-container-57c0b6d2\">\n\n<div class=\"gb-headline gb-headline-1900f112 gb-headline-text gb-headline-big\" data-title=\"2\">2<\/div>\n\n\n\n<h3 class=\"gb-headline gb-headline-9e0b0b34 gb-headline-text gb-headline-titol\">tranquil\u00b7litat<\/h3>\n\n\n\n<p class=\"gb-headline gb-headline-518faf2d gb-headline-text\">Deixa en bones mans tots els detalls, sabent que est\u00e0s prenent les millors iniciatives per als teus interessos.<\/p>\n\n<\/div><\/div>\n\n<div class=\"gb-grid-column gb-grid-column-dacf95db\"><div class=\"gb-container gb-container-dacf95db\">\n\n<div class=\"gb-headline gb-headline-e919d6d2 gb-headline-text gb-headline-big\" data-title=\"3\">3<\/div>\n\n\n\n<h3 class=\"gb-headline gb-headline-0d15a6c0 gb-headline-text gb-headline-titol\">Revaloritzar<\/h3>\n\n\n\n<p class=\"gb-headline gb-headline-65a81771 gb-headline-text\">Amb coneixement especialitzat i un enfocament proactiu, t&#8217;assegurem resultats s\u00f2lids.<\/p>\n\n<\/div><\/div>\n\n<div class=\"gb-grid-column gb-grid-column-41a067a3\"><div class=\"gb-container gb-container-41a067a3\">\n\n<div class=\"gb-headline gb-headline-b5483a2e gb-headline-text gb-headline-big\" data-title=\"4\">4<\/div>\n\n\n\n<h3 class=\"gb-headline gb-headline-717ec99a gb-headline-text gb-headline-titol\">Exclusivitat<\/h3>\n\n\n\n<p class=\"gb-headline gb-headline-09c1ddbb gb-headline-text\">Cada client \u00e9s \u00fanic i exclusiu i per aix\u00f2 treballem m\u00e0 a m\u00e0 i al detall per entendre els teus objectius i assolir els resultats.<\/p>\n\n<\/div><\/div>\n\n<div class=\"gb-grid-column gb-grid-column-2f9b32d2\"><div class=\"gb-container gb-container-2f9b32d2\">\n\n<div class=\"gb-headline gb-headline-969ba407 gb-headline-text gb-headline-big\" data-title=\"5\">5<\/div>\n\n\n\n<h3 class=\"gb-headline gb-headline-f28b9351 gb-headline-text gb-headline-titol\">CARTERA DE CLIENTS<\/h3>\n\n\n\n<p class=\"gb-headline gb-headline-08178663 gb-headline-text\">La nostra xarxa de contactes ens permet accelerar i satisfer r\u00e0pidament les teves necessitats, solucions i oportunitats exclusives.<\/p>\n\n<\/div><\/div>\n\n<div class=\"gb-grid-column gb-grid-column-26932dd6\"><div class=\"gb-container gb-container-26932dd6\">\n\n<div class=\"gb-headline gb-headline-7729081f gb-headline-text gb-headline-big\" data-title=\"6\">6<\/div>\n\n\n\n<h3 class=\"gb-headline gb-headline-e053df94 gb-headline-text gb-headline-titol\">Decisions encertades<\/h3>\n\n\n\n<p class=\"gb-headline gb-headline-798c1c64 gb-headline-text\">La nostra an\u00e0lisi de riscos, ventall d&#8217;opcions i estudi de variables, far\u00e0 que<br>evitis errors i incid\u00e8ncies.<\/p>\n\n<\/div><\/div>\n<\/div>\n\n<div class=\"gb-container gb-container-b617f048\">\n\n<a class=\"gb-button gb-button-cd8b377c gb-button-text gb-button-taronja\" href=\"https:\/\/finquesmartell.com\/ca\/contacte\/\">Vull M\u00c9S INFORMACI\u00d3<\/a>\n\n<\/div>\n<\/div>\n<\/div>\n\n<div class=\"gb-container gb-container-1d3e567b gb-container-seccio\">\n<div class=\"gb-container gb-container-12b77676\">\n<div class=\"gb-container gb-container-a50efbe4\">\n\n<h2 class=\"gb-headline gb-headline-8ff8a5f1 gb-headline-text gb-headline-big\">\u00c0rea Client 24h.<\/h2>\n\n\n\n<h3 class=\"gb-headline gb-headline-666b00a1 gb-headline-text gb-headline-medium\">Tot a la m\u00e0 i en qualsevol moment<\/h3>\n\n\n\n<p class=\"gb-headline gb-headline-9e469cdb gb-headline-text\">Amb l&#8217;\u00e0rea de clients en l\u00ednia tindr\u00e0s acc\u00e9s les 24<br>hores del dia als teus contractes, incid\u00e8ncies i<br>liquidacions, i podr\u00e0s controlar l&#8217;historial de<br>gestions, pressupostos i la situaci\u00f3 de morositat.<br>Mantingues el control de manera f\u00e0cil i r\u00e0pida.<br>On vulguis i quan vulguis.<\/p>\n\n\n\n<a class=\"gb-button gb-button-bc519493 gb-button-text gb-button-blau-outline\" href=\"https:\/\/administracioonline.finquesmartell.com\/#\/login\" target=\"_blank\" rel=\"noopener noreferrer\">Descobreix la nostra \u00c0REA CLIENT<\/a>\n\n<\/div>\n<\/div>\n<\/div>\n\n<div class=\"gb-container gb-container-8cabf6ee gb-container-seccio\">\n<div class=\"gb-container gb-container-c648ac1f gb-container-seccio-inner\">\n<div class=\"gb-grid-wrapper gb-grid-wrapper-a665147e\">\n<div class=\"gb-grid-column gb-grid-column-d578d0bb\"><div class=\"gb-container gb-container-d578d0bb\">\n<div class=\"gb-container gb-container-7d5ae67a\">\n\n<h2 class=\"gb-headline gb-headline-027b638b gb-headline-text gb-headline-big\">Vols vendre amb les millors<br>condicions?<\/h2>\n\n<\/div>\n\n<div class=\"gb-container gb-container-14943ea4\">\n\n<a class=\"gb-button gb-button-a44f3b8e gb-button-text gb-button-quadrats\" href=\"mailto:comercial@finquesmartell.com?subject=Contacto%20web%20comercial\" target=\"_blank\" rel=\"noopener noreferrer\">Vull m\u00e9s <strong>informaci\u00f3<\/strong><\/a>\n\n<\/div>\n<\/div><\/div>\n\n<div class=\"gb-grid-column gb-grid-column-2e51fd4d\"><div class=\"gb-container gb-container-2e51fd4d\">\n<div class=\"gb-container gb-container-9f219832\">\n\n<a class=\"gb-button gb-button-d280d01f gb-button-text gb-button-quadrats\" href=\"mailto:comercial@finquesmartell.com?subject=Contacto%20web%20comercial\" target=\"_blank\" rel=\"noopener noreferrer\">Vull <strong>VEURE&#8217;LS<\/strong><\/a>\n\n<\/div>\n\n<div class=\"gb-container gb-container-7f29b7e9\">\n\n<h2 class=\"gb-headline gb-headline-d92fd215 gb-headline-text gb-headline-big\">Vols comprar o llogar?<br>Mira la nostra oferta<\/h2>\n\n<\/div>\n<\/div><\/div>\n\n<div class=\"gb-grid-column gb-grid-column-f0156842\"><div class=\"gb-container gb-container-f0156842\">\n<div class=\"gb-container gb-container-a3d1f4f2\">\n\n<h2 class=\"gb-headline gb-headline-af4e5ee6 gb-headline-text gb-headline-big\">Vols invertir-hi? Obtingues alts<br>beneficis assegurats<\/h2>\n\n<\/div>\n\n<div class=\"gb-container gb-container-0fbdb821\">\n\n<a class=\"gb-button gb-button-923feb35 gb-button-text gb-button-quadrats\" href=\"mailto:comercial@finquesmartell.com?subject=Contacto%20web%20comercial\" target=\"_blank\" rel=\"noopener noreferrer\">Vull <strong>INVERTIR<\/strong><\/a>\n\n<\/div>\n<\/div><\/div>\n<\/div>\n<\/div>\n<\/div>","protected":false},"excerpt":{"rendered":"<p>Compris, venguis o lloguis un immoble, el teu objectiu \u00e9s el nostre prop\u00f2sit. Col\u00b7laborem i us assessorem de principi a<\/p>\n","protected":false},"author":1,"featured_media":13292,"parent":11056,"menu_order":0,"comment_status":"closed","ping_status":"closed","template":"","meta":{"_acf_changed":false,"CBBTypography":[],"footnotes":""},"class_list":{"0":"post-11059","1":"page","2":"type-page","3":"status-publish","4":"has-post-thumbnail","6":"no-featured-image-padding"},"acf":[],"_links":{"self":[{"href":"https:\/\/finquesmartell.com\/ca\/wp-json\/wp\/v2\/pages\/11059","targetHints":{"allow":["GET"]}}],"collection":[{"href":"https:\/\/finquesmartell.com\/ca\/wp-json\/wp\/v2\/pages"}],"about":[{"href":"https:\/\/finquesmartell.com\/ca\/wp-json\/wp\/v2\/types\/page"}],"author":[{"embeddable":true,"href":"https:\/\/finquesmartell.com\/ca\/wp-json\/wp\/v2\/users\/1"}],"replies":[{"embeddable":true,"href":"https:\/\/finquesmartell.com\/ca\/wp-json\/wp\/v2\/comments?post=11059"}],"version-history":[{"count":5,"href":"https:\/\/finquesmartell.com\/ca\/wp-json\/wp\/v2\/pages\/11059\/revisions"}],"predecessor-version":[{"id":15330,"href":"https:\/\/finquesmartell.com\/ca\/wp-json\/wp\/v2\/pages\/11059\/revisions\/15330"}],"up":[{"embeddable":true,"href":"https:\/\/finquesmartell.com\/ca\/wp-json\/wp\/v2\/pages\/11056"}],"wp:featuredmedia":[{"embeddable":true,"href":"https:\/\/finquesmartell.com\/ca\/wp-json\/wp\/v2\/media\/13292"}],"wp:attachment":[{"href":"https:\/\/finquesmartell.com\/ca\/wp-json\/wp\/v2\/media?parent=11059"}],"curies":[{"name":"wp","href":"https:\/\/api.w.org\/{rel}","templated":true}]}}