{"id":37485,"date":"2023-11-23T10:13:53","date_gmt":"2023-11-23T09:13:53","guid":{"rendered":"https:\/\/finquesmartell.com\/serveis\/optimitzacio-i-estrategies-en-gestio-patrimonial-amb-finques-martell\/"},"modified":"2024-01-29T10:23:56","modified_gmt":"2024-01-29T09:23:56","slug":"gestio-patrimonial","status":"publish","type":"page","link":"https:\/\/finquesmartell.com\/ca\/serveis\/gestio-patrimonial\/","title":{"rendered":"Gesti\u00f3 patrimonial"},"content":{"rendered":"<div class=\"gb-container gb-container-c0bd6d3f gb-container-seccio\">\n<div class=\"gb-container gb-container-2e2c90bf gb-container-seccio-inner\">\n<div class=\"gb-container gb-container-42f4d18b\">\n\n<h2 class=\"gb-headline gb-headline-5032fe8d gb-headline-text gb-headline-biggest\">Augmenta el potencial<br>del teu patrimoni.<\/h2>\n\n<\/div>\n\n<div class=\"gb-container gb-container-e5cb305f\">\n\n<p class=\"gb-headline gb-headline-ef64a21c gb-headline-text gb-headline-medium\">Et donem solucions integrals de gesti\u00f3 patrimonial per incrementar la rendibilitat, reduir les despeses i optimitzar-ne el rendiment.<\/p>\n\n<\/div>\n\n<div class=\"gb-container gb-container-ea585e7f alignfull\"><\/div>\n<\/div>\n<\/div><div class=\"gb-container gb-container-6e0e54ed gb-container-seccio\">\n<div class=\"gb-container gb-container-58b2f8f2 gb-container-seccio-inner\">\n\n<h2 class=\"gb-headline gb-headline-61a32861 gb-headline-text gb-headline-normal-plus\">La nostra metodologia<\/h2>\n\n\n<div class=\"gb-container gb-container-764fe1b4\"><\/div>\n<\/div>\n\n<div class=\"gb-container gb-container-061bbf37 gb-container-seccio-inner\">\n\n<p class=\"gb-headline gb-headline-9f9cadb1 gb-headline-text gb-headline-normal-plus\">Aconsegueix tot el potencial dels teus immobles. Et proporcionem orientaci\u00f3 i suport d&#8217;experts a cada pas, aportant les solucions i les eines necess\u00e0ries per maximitzar el rendiment i minimitzar els riscos. Amb la nostra transpar\u00e8ncia i solv\u00e8ncia, les teves inversions estan en bones mans.<\/p>\n\n<\/div>\n<\/div><div class=\"gb-container gb-container-caed2447 gb-container-seccio\">\n<div class=\"gb-container gb-container-66e39670 gb-container-seccio-inner\">\n<div class=\"gb-grid-wrapper gb-grid-wrapper-124e63f4\">\n<div class=\"gb-grid-column gb-grid-column-ff4cd2e4\"><div class=\"gb-container gb-container-ff4cd2e4\">\n\n<div class=\"gb-headline gb-headline-e57a2147 gb-headline-text gb-headline-big\" data-title=\"1\">1<\/div>\n\n\n\n<h3 class=\"gb-headline gb-headline-db94ad86 gb-headline-text gb-headline-titol\">Comunicaci\u00f3<\/h3>\n\n\n\n<p class=\"gb-headline gb-headline-7c97a126 gb-headline-text\">Accedeix a tota la informaci\u00f3 ia un flux de comunicaci\u00f3 clar amb el teu administrador, per tenir el control i prendre decisions encertades.<\/p>\n\n<\/div><\/div>\n\n<div class=\"gb-grid-column gb-grid-column-57c0b6d2\"><div class=\"gb-container gb-container-57c0b6d2\">\n\n<div class=\"gb-headline gb-headline-1900f112 gb-headline-text gb-headline-big\" data-title=\"2\">2<\/div>\n\n\n\n<h3 class=\"gb-headline gb-headline-9e0b0b34 gb-headline-text gb-headline-titol\">Escurcem temps<\/h3>\n\n\n\n<p class=\"gb-headline gb-headline-518faf2d gb-headline-text\">Cada comunitat \u00e9s \u00fanica i treballem a fons les seves particularitats per oferir solucions a mida.<\/p>\n\n<\/div><\/div>\n\n<div class=\"gb-grid-column gb-grid-column-dacf95db\"><div class=\"gb-container gb-container-dacf95db\">\n\n<div class=\"gb-headline gb-headline-e919d6d2 gb-headline-text gb-headline-big\" data-title=\"3\">3<\/div>\n\n\n\n<h3 class=\"gb-headline gb-headline-0d15a6c0 gb-headline-text gb-headline-titol\">Menys burocr\u00e0cia<\/h3>\n\n\n\n<p class=\"gb-headline gb-headline-65a81771 gb-headline-text\">T&#8217;ajudem a reduir costos i despeses innecess\u00e0ries, millorar condicions de prove\u00efdors amb una gesti\u00f3 financera<br>transparent i ordenada.<\/p>\n\n<\/div><\/div>\n\n<div class=\"gb-grid-column gb-grid-column-41a067a3\"><div class=\"gb-container gb-container-41a067a3\">\n\n<div class=\"gb-headline gb-headline-b5483a2e gb-headline-text gb-headline-big\" data-title=\"4\">4<\/div>\n\n\n\n<h3 class=\"gb-headline gb-headline-717ec99a gb-headline-text gb-headline-titol\">Control del detall<\/h3>\n\n\n\n<p class=\"gb-headline gb-headline-09c1ddbb gb-headline-text\">Creem un entorn que reflecteixi la identitat i les aspiracions de cada comunitat, facilitant un espai ajustat a les vostres necessitats i acollidor per a tothom.<\/p>\n\n<\/div><\/div>\n\n<div class=\"gb-grid-column gb-grid-column-2f9b32d2\"><div class=\"gb-container gb-container-2f9b32d2\">\n\n<div class=\"gb-headline gb-headline-969ba407 gb-headline-text gb-headline-big\" data-title=\"5\">5<\/div>\n\n\n\n<h3 class=\"gb-headline gb-headline-f28b9351 gb-headline-text gb-headline-titol\">Opci\u00f3 segura<\/h3>\n\n\n\n<p class=\"gb-headline gb-headline-08178663 gb-headline-text\">La nostra eina per solucionar els teus problemes, oferir-te respostes r\u00e0pides i aconsellar-te la millor opci\u00f3 en tot moment.<\/p>\n\n<\/div><\/div>\n\n<div class=\"gb-grid-column gb-grid-column-26932dd6\"><div class=\"gb-container gb-container-26932dd6\">\n\n<div class=\"gb-headline gb-headline-7729081f gb-headline-text gb-headline-big\" data-title=\"6\">6<\/div>\n\n\n\n<h3 class=\"gb-headline gb-headline-e053df94 gb-headline-text gb-headline-titol\">Multiplica el valor<\/h3>\n\n\n\n<p class=\"gb-headline gb-headline-798c1c64 gb-headline-text\">Visites peri\u00f2diques als edificis, fitxes<br>personalitzades de les necessitats, comptes clars i actualitzaci\u00f3 de la normativa, per evitar ensurts.<\/p>\n\n<\/div><\/div>\n<\/div>\n\n<div class=\"gb-container gb-container-b617f048\">\n\n<a class=\"gb-button gb-button-cd8b377c gb-button-text gb-button-taronja\" href=\"https:\/\/finquesmartell.com\/ca\/contacte\/\">Vull tranquil\u00b7litat<\/a>\n\n<\/div>\n<\/div>\n<\/div><div class=\"gb-container gb-container-49309d08 gb-container-seccio\">\n<div class=\"gb-container gb-container-a97f2d60 gb-container-seccio-inner\">\n\n<h2 class=\"gb-headline gb-headline-e41b7158 gb-headline-text gb-headline-normal-plus\">QU\u00c8 \u00c9S LA GESTI\u00d3 PATRIMONIAL?<\/h2>\n\n\n<div class=\"gb-container gb-container-3d3fb5f9\"><\/div>\n<\/div>\n\n<div class=\"gb-container gb-container-260d5197 gb-container-seccio-inner\">\n\n<p class=\"gb-headline gb-headline-f5f8eff6 gb-headline-text gb-headline-normal-plus\">La gesti\u00f3 patrimonial fa refer\u00e8ncia al conjunt destrat\u00e8gies i accions que busquen conservar, incrementar i optimitzar el patrimoni duna persona o entitat. Aix\u00f2 inclou des de l&#8217;administraci\u00f3 de propietats immobili\u00e0ries fins a inversions al mercat financer.<\/p>\n\n<\/div>\n<\/div><div class=\"gb-container gb-container-51266ce9 gb-container-seccio\">\n<div class=\"gb-container gb-container-cc2b902a gb-container-seccio-inner\">\n\n<h2 class=\"gb-headline gb-headline-e29d1c0a gb-headline-text gb-headline-normal-plus\">La import\u00e0ncia de la gesti\u00f3 patrimonial al segle XXI<\/h2>\n\n\n<div class=\"gb-container gb-container-486a25d7\"><\/div>\n<\/div>\n\n<div class=\"gb-container gb-container-41e21e23 gb-container-seccio-inner\">\n\n<p class=\"gb-headline gb-headline-382a6a41 gb-headline-text gb-headline-normal-plus\">En un m\u00f3n en canvi constant, la gesti\u00f3 patrimonial s&#8217;ha convertit en una eina essencial per als que busquen protegir i augmentar el seu patrimoni. Ja no n&#8217;hi ha prou amb tenir propietats o inversions; \u00e9s crucial saber administrar-les de manera eficient i estrat\u00e8gica.<\/p>\n\n<\/div>\n<\/div><div class=\"gb-container gb-container-51777cf5 gb-container-seccio\">\n<div class=\"gb-container gb-container-b8eb16e6 gb-container-seccio-inner\">\n<div class=\"gb-grid-wrapper gb-grid-wrapper-66a02cbd\">\n<div class=\"gb-grid-column gb-grid-column-f28c3e05\"><div class=\"gb-container gb-container-f28c3e05\">\n\n<div class=\"gb-headline gb-headline-e50fa23a gb-headline-text gb-headline-big\" data-title=\"1\">1<\/div>\n\n\n\n<h3 class=\"gb-headline gb-headline-b575bf47 gb-headline-text gb-headline-titol\">Optimitzaci\u00f3 de recursos<\/h3>\n\n\n\n<p class=\"gb-headline gb-headline-ea58099e gb-headline-text\">Una gesti\u00f3 adequada permet identificar oportunitats d&#8217;inversi\u00f3, reduir despeses innecess\u00e0ries i maximitzar el rendiment dels actius.<\/p>\n\n<\/div><\/div>\n\n<div class=\"gb-grid-column gb-grid-column-a6c9ff19\"><div class=\"gb-container gb-container-a6c9ff19\">\n\n<div class=\"gb-headline gb-headline-593ee9b8 gb-headline-text gb-headline-big\" data-title=\"2\">2<\/div>\n\n\n\n<h3 class=\"gb-headline gb-headline-f3e75696 gb-headline-text gb-headline-titol\">Reducci\u00f3 de riscos<\/h3>\n\n\n\n<p class=\"gb-headline gb-headline-2d8b6c57 gb-headline-text\">En comptar amb una estrat\u00e8gia clara i un seguiment constant, es poden anticipar possibles problemes i prendre mesures preventives.<\/p>\n\n<\/div><\/div>\n\n<div class=\"gb-grid-column gb-grid-column-729852cd\"><div class=\"gb-container gb-container-729852cd\">\n\n<div class=\"gb-headline gb-headline-eba0bdf5 gb-headline-text gb-headline-big\" data-title=\"3\">3<\/div>\n\n\n\n<h3 class=\"gb-headline gb-headline-8cdc50be gb-headline-text gb-headline-titol\">Tranquil\u00b7litat financera<\/h3>\n\n\n\n<p class=\"gb-headline gb-headline-8b2b863e gb-headline-text\">Saber que el teu patrimoni est\u00e0 en mans expertes i que s&#8217;est\u00e0 gestionant de la millor manera possible ofereix una gran pau mental.<\/p>\n\n<\/div><\/div>\n<\/div>\n<\/div>\n<\/div><div class=\"gb-container gb-container-1d3e567b gb-container-seccio\">\n<div class=\"gb-container gb-container-12b77676\">\n<div class=\"gb-container gb-container-a50efbe4\">\n\n<h2 class=\"gb-headline gb-headline-8ff8a5f1 gb-headline-text gb-headline-big\">\u00c0rea Client 24h.<\/h2>\n\n\n\n<h3 class=\"gb-headline gb-headline-666b00a1 gb-headline-text gb-headline-medium\">Tot a la m\u00e0 i en qualsevol moment<\/h3>\n\n\n\n<p class=\"gb-headline gb-headline-9e469cdb gb-headline-text\">Amb l&#8217;\u00e0rea de clients en l\u00ednia tindr\u00e0s acc\u00e9s les 24<br>hores del dia als teus contractes, incid\u00e8ncies i<br>liquidacions, i podr\u00e0s controlar l&#8217;historial de<br>gestions, pressupostos i la situaci\u00f3 de morositat.<br>Mantingues el control de manera f\u00e0cil i r\u00e0pida.<br>On vulguis i quan vulguis.<\/p>\n\n\n\n<a class=\"gb-button gb-button-bc519493 gb-button-text gb-button-blau-outline\" href=\"https:\/\/administracioonline.finquesmartell.com\/#\/login\" target=\"_blank\" rel=\"noopener noreferrer\">Descobreix la nostra \u00c0REA CLIENT<\/a>\n\n<\/div>\n<\/div>\n<\/div><div class=\"gb-container gb-container-9698b281 gb-container-seccio\">\n<div class=\"gb-container gb-container-f5f573be gb-container-seccio-inner\">\n\n<h2 class=\"gb-headline gb-headline-2edb4225 gb-headline-text gb-headline-normal-plus\">\u00fas d&#8217;avan\u00e7ades tecnologies per a la gesti\u00f3 i personalitzaci\u00f3 del patrimoni<\/h2>\n\n\n<div class=\"gb-container gb-container-03afb610\"><\/div>\n<\/div>\n\n<div class=\"gb-container gb-container-eb21ec39 gb-container-seccio-inner\">\n<div class=\"gb-grid-wrapper gb-grid-wrapper-12de6023\">\n<div class=\"gb-grid-column gb-grid-column-b5f946ed\"><div class=\"gb-container gb-container-b5f946ed\">\n<div class=\"gb-container gb-container-7d5ae67a\">\n\n<h3 class=\"gb-headline gb-headline-027b638b gb-headline-text gb-headline-titol\">Tecnologia al servei del patrimoni<\/h3>\n\n\n\n<p class=\"has-text-align-right has-contrast-2-color has-text-color has-link-color wp-elements-350abd633600e372aaec1c2ac15e7b07\">A <strong>Finques Martell<\/strong> , entenem que la tecnologia \u00e9s una aliada indispensable en la <strong>gesti\u00f3 patrimonial<\/strong> . Utilitzem la tecnologia de dades m\u00e9s alta per ser m\u00e9s eficients, anticipar-nos a les tend\u00e8ncies del mercat i oferir solucions innovadores als nostres clients.<\/p>\n\n<\/div>\n\n<div class=\"gb-container gb-container-9873241c\">\n\n<figure class=\"wp-block-image size-thumbnail is-style-default\"><img loading=\"lazy\" decoding=\"async\" width=\"300\" height=\"300\" src=\"https:\/\/finquesmartell.com\/wp-content\/uploads\/2023\/11\/15-300x300.png\" alt=\"gesti&#xF3; patrimonial\" class=\"wp-image-36934\" style=\"aspect-ratio:1;object-fit:cover\"\/><\/figure>\n<\/div>\n<\/div><\/div>\n\n<div class=\"gb-grid-column gb-grid-column-2e51fd4d\"><div class=\"gb-container gb-container-2e51fd4d\">\n<div class=\"gb-container gb-container-9f219832\">\n\n<figure class=\"wp-block-image size-thumbnail is-style-default\"><img loading=\"lazy\" decoding=\"async\" width=\"300\" height=\"300\" src=\"https:\/\/finquesmartell.com\/wp-content\/uploads\/2023\/11\/14-300x300.png\" alt=\"gesti&#xF3; patrimonial\" class=\"wp-image-36932\" style=\"aspect-ratio:1;object-fit:cover\"\/><\/figure>\n<\/div>\n\n<div class=\"gb-container gb-container-7f29b7e9\">\n\n<h2 class=\"gb-headline gb-headline-d92fd215 gb-headline-text gb-headline-titol\">Personalitzaci\u00f3 i atenci\u00f3 al detall<\/h2>\n\n\n\n<p class=\"has-contrast-2-color has-text-color has-link-color wp-elements-a8af30debdfd34b543c0f2247e06c18d\">Cada patrimoni \u00e9s \u00fanic, i per aix\u00f2 la nostra aproximaci\u00f3 \u00e9s totalment personalitzada. Ens enfoquem a con\u00e8ixer a fons les necessitats i objectius dels nostres clients per oferir solucions a mida. A m\u00e9s, ens assegurem que tots els detalls, des dels pagaments fins a les incid\u00e8ncies, estiguin perfectament gestionats.<\/p>\n\n<\/div>\n<\/div><\/div>\n<\/div>\n<\/div>\n<\/div><div class=\"gb-container gb-container-8d99efb5 gb-container-seccio\">\n<div class=\"gb-container gb-container-d9327bb4 gb-container-seccio-inner\">\n<div class=\"gb-grid-wrapper gb-grid-wrapper-f8c35040\">\n<div class=\"gb-grid-column gb-grid-column-107fc70b\"><div class=\"gb-container gb-container-107fc70b\">\n<div class=\"gb-container gb-container-11acb4c6\">\n\n<h2 class=\"gb-headline gb-headline-990b892f gb-headline-text gb-headline-big\">Vols que administrem el teu patrimoni i immobles?<\/h2>\n\n<\/div>\n\n<div class=\"gb-container gb-container-1eb1b99f\">\n\n<a class=\"gb-button gb-button-72cb8ee7 gb-button-text gb-button-quadrats\" href=\"mailto:central@martell-lloguers.com?subject=Contacto%20web%20patrimonio\" target=\"_blank\" rel=\"noopener noreferrer\">Vull m\u00e9s <strong>informaci\u00f3<\/strong><\/a>\n\n<\/div>\n<\/div><\/div>\n\n<div class=\"gb-grid-column gb-grid-column-c5859fa5\"><div class=\"gb-container gb-container-c5859fa5\">\n<div class=\"gb-container gb-container-72e6ec67\">\n\n<a class=\"gb-button gb-button-8767f236 gb-button-text gb-button-quadrats\" href=\"mailto:comercial@fmartell-lloguers.com?subject=Contacto%20web%20comercial\" target=\"_blank\" rel=\"noopener noreferrer\">Vull m\u00e9s <strong>informaci\u00f3<\/strong><\/a>\n\n<\/div>\n\n<div class=\"gb-container gb-container-8f2a571d\">\n\n<h2 class=\"gb-headline gb-headline-c87316cd gb-headline-text gb-headline-big\">Vols llogar un habitatge, un p\u00e0rquing o un local?<\/h2>\n\n<\/div>\n<\/div><\/div>\n<\/div>\n<\/div>\n<\/div><div class=\"gb-container gb-container-c9b02b87 gb-container-seccio\">\n<div class=\"gb-container gb-container-cd8c8558 gb-container-seccio-inner\">\n<div class=\"gb-container gb-container-89ded150 gb-container-seccio-inner\">\n\n<h2 class=\"gb-headline gb-headline-f523392d gb-headline-text gb-headline-normal-plus\">PREGUNTES FREQ\u00dcENTS (FAQ)<\/h2>\n\n\n<div class=\"gb-container gb-container-3102c608\"><\/div>\n<\/div>\n\n<div id=\"rank-math-faq\" class=\"rank-math-block\">\n<ol class=\"rank-math-list \">\n<li id=\"faq-question-1698334660771\" class=\"rank-math-list-item\">\n<h3 class=\"rank-math-question \">Qu\u00e8 diferencia la gesti\u00f3 patrimonial de la simple administraci\u00f3 de b\u00e9ns?<\/h3>\n<div class=\"rank-math-answer \">\n\n<p>La gesti\u00f3 patrimonial va m\u00e9s enll\u00e0 de la simple administraci\u00f3. Mentre que l&#8217;administraci\u00f3 se centra a mantenir i tenir cura dels b\u00e9ns, la gesti\u00f3 patrimonial cerca optimitzar, incrementar i protegir el patrimoni a llarg termini, tenint en compte factors econ\u00f2mics, fiscals i legals.<\/p>\n\n<\/div>\n<\/li>\n<li id=\"faq-question-1698334680897\" class=\"rank-math-list-item\">\n<h3 class=\"rank-math-question \">\u00c9s necessari tenir un gran patrimoni per beneficiar-se d&#8217;aquests serveis?<\/h3>\n<div class=\"rank-math-answer \">\n\n<p>No, la gesti\u00f3 patrimonial \u00e9s \u00fatil per a qualsevol persona o entitat, independentment de la mida del seu patrimoni. A Finques Martell, oferim solucions personalitzades adaptades a les necessitats i objectius de cada client, ja sigui un particular amb una \u00fanica propietat o una empresa amb un ampli portafoli d&#8217;inversions.<\/p>\n\n<\/div>\n<\/li>\n<li id=\"faq-question-1698334691071\" class=\"rank-math-list-item\">\n<h3 class=\"rank-math-question \">Com s&#8217;integra la tecnologia a la gesti\u00f3 patrimonial?<\/h3>\n<div class=\"rank-math-answer \">\n\n<p>La tecnologia permet analitzar dades en temps real, anticipar tend\u00e8ncies del mercat, automatitzar processos i oferir solucions m\u00e9s eficients. A Finques Martell, utilitzem eines tecnol\u00f2giques avan\u00e7ades per millorar la presa de decisions i maximitzar el rendiment del patrimoni dels nostres clients.<\/p>\n\n<\/div>\n<\/li>\n<li id=\"faq-question-1698334705217\" class=\"rank-math-list-item\">\n<h3 class=\"rank-math-question \">Quines mesures pren Finques Martell per garantir la transpar\u00e8ncia en la gesti\u00f3?<\/h3>\n<div class=\"rank-math-answer \">\n\n<p>La transpar\u00e8ncia \u00e9s un dels nostres pilars fonamentals. Oferim als nostres clients acc\u00e9s 24\/7 a tota la informaci\u00f3 relacionada amb el patrimoni a trav\u00e9s del nostre \u00c0rea Client. A m\u00e9s, mantenim una comunicaci\u00f3 constant i oberta, assegurant-nos que els nostres clients estiguin informats i satisfets a cada pas del proc\u00e9s.<\/p>\n\n<\/div>\n<\/li>\n<li id=\"faq-question-1698334721241\" class=\"rank-math-list-item\">\n<h3 class=\"rank-math-question \">Com pot ajudar Finques Martell a reduir els riscos associats al meu patrimoni?<\/h3>\n<div class=\"rank-math-answer \">\n\n<p>El nostre equip d&#8217;experts fa una an\u00e0lisi exhaustiva per identificar possibles riscos i oportunitats. A partir d\u00b4aquesta an\u00e0lisi, desenvolupem estrat\u00e8gies personalitzades que busquen minimitzar els riscos i maximitzar el rendiment. A m\u00e9s, gr\u00e0cies a la nostra experi\u00e8ncia i coneixement del mercat, podem anticipar-nos a possibles problemes i prendre mesures preventives.<\/p>\n\n<\/div>\n<\/li>\n<li id=\"faq-question-1698334728636\" class=\"rank-math-list-item\">\n<h3 class=\"rank-math-question \">Ofereixen assessorament en inversions i finances?<\/h3>\n<div class=\"rank-math-answer \">\n\n<p>S\u00ed, a Finques Martell comptem amb un equip especialitzat en inversions i finances que ofereix assessorament integral. El nostre objectiu \u00e9s que els nostres clients obtinguin el m\u00e0xim rendiment del seu patrimoni, i per aix\u00f2, oferim solucions i recomanacions basades en un profund coneixement del mercat.<\/p>\n\n<\/div>\n<\/li>\n<\/ol>\n<\/div>\n<\/div>\n<\/div><div class=\"gb-container gb-container-eea18eb6 gb-container-seccio\">\n<div class=\"gb-container gb-container-96f4259e gb-container-seccio-inner\">\n\n<h2 class=\"gb-headline gb-headline-cef8b028 gb-headline-text gb-headline-big\" data-title=\"Nuestras Instalaciones\">Instal\u00b7lacions<\/h2>\n\n\n\n<a class=\"gb-button gb-button-736a2376 gb-button-text gb-button-taronja\" href=\"https:\/\/finquesmartell.com\/ca\/les-nostres-installacions\/\">Les nostres instal\u00b7lacions<\/a>\n\n<\/div>\n<\/div><div class=\"gb-container gb-container-99ec38df\">\n<div class=\"gb-container gb-container-660fcdc5\">\n\n<p class=\"has-text-align-center has-color-color has-text-color has-link-color has-small-font-size wp-elements-1a08fd1addecf0e97770d31b7ac8369a\"><strong>Segueix-nos a Instagram<\/strong><\/p>\n\n\n<div class=\"gb-button-wrapper gb-button-wrapper-0185ac84\">\n\n<a class=\"gb-button gb-button-aab23158\" href=\"https:\/\/www.instagram.com\/finques_martell\/\" target=\"_blank\" rel=\"noopener\"><span class=\"gb-icon\"><svg xmlns=\"http:\/\/www.w3.org\/2000\/svg\" aria-hidden=\"true\" height=\"1em\" width=\"1em\" viewbox=\"0 0 448 512\"><path fill=\"currentColor\" d=\"M224.1 141c-63.6 0-114.9 51.3-114.9 114.9s51.3 114.9 114.9 114.9S339 319.5 339 255.9 287.7 141 224.1 141zm0 189.6c-41.1 0-74.7-33.5-74.7-74.7s33.5-74.7 74.7-74.7 74.7 33.5 74.7 74.7-33.6 74.7-74.7 74.7zm146.4-194.3c0 14.9-12 26.8-26.8 26.8-14.9 0-26.8-12-26.8-26.8s12-26.8 26.8-26.8 26.8 12 26.8 26.8zm76.1 27.2c-1.7-35.9-9.9-67.7-36.2-93.9-26.2-26.2-58-34.4-93.9-36.2-37-2.1-147.9-2.1-184.9 0-35.8 1.7-67.6 9.9-93.9 36.1s-34.4 58-36.2 93.9c-2.1 37-2.1 147.9 0 184.9 1.7 35.9 9.9 67.7 36.2 93.9s58 34.4 93.9 36.2c37 2.1 147.9 2.1 184.9 0 35.9-1.7 67.7-9.9 93.9-36.2 26.2-26.2 34.4-58 36.2-93.9 2.1-37 2.1-147.8 0-184.8zM398.8 388c-7.8 19.6-22.9 34.7-42.6 42.6-29.5 11.7-99.5 9-132.1 9s-102.7 2.6-132.1-9c-19.6-7.8-34.7-22.9-42.6-42.6-11.7-29.5-9-99.5-9-132.1s-2.6-102.7 9-132.1c7.8-19.6 22.9-34.7 42.6-42.6 29.5-11.7 99.5-9 132.1-9s102.7-2.6 132.1 9c19.6 7.8 34.7 22.9 42.6 42.6 11.7 29.5 9 99.5 9 132.1s2.7 102.7-9 132.1z\"><\/path><\/svg><\/span><\/a>\n\n<\/div>\n<\/div>\n<\/div>","protected":false},"excerpt":{"rendered":"<p>Augmenta el potencialdel teu patrimoni. Et donem solucions integrals de gesti\u00f3 patrimonial per incrementar la rendibilitat, reduir les despeses i<\/p>\n","protected":false},"author":1,"featured_media":12982,"parent":11056,"menu_order":0,"comment_status":"closed","ping_status":"closed","template":"","meta":{"_acf_changed":false,"CBBTypography":[],"footnotes":""},"class_list":{"0":"post-37485","1":"page","2":"type-page","3":"status-publish","4":"has-post-thumbnail","6":"no-featured-image-padding"},"acf":[],"_links":{"self":[{"href":"https:\/\/finquesmartell.com\/ca\/wp-json\/wp\/v2\/pages\/37485","targetHints":{"allow":["GET"]}}],"collection":[{"href":"https:\/\/finquesmartell.com\/ca\/wp-json\/wp\/v2\/pages"}],"about":[{"href":"https:\/\/finquesmartell.com\/ca\/wp-json\/wp\/v2\/types\/page"}],"author":[{"embeddable":true,"href":"https:\/\/finquesmartell.com\/ca\/wp-json\/wp\/v2\/users\/1"}],"replies":[{"embeddable":true,"href":"https:\/\/finquesmartell.com\/ca\/wp-json\/wp\/v2\/comments?post=37485"}],"version-history":[{"count":3,"href":"https:\/\/finquesmartell.com\/ca\/wp-json\/wp\/v2\/pages\/37485\/revisions"}],"predecessor-version":[{"id":38152,"href":"https:\/\/finquesmartell.com\/ca\/wp-json\/wp\/v2\/pages\/37485\/revisions\/38152"}],"up":[{"embeddable":true,"href":"https:\/\/finquesmartell.com\/ca\/wp-json\/wp\/v2\/pages\/11056"}],"wp:featuredmedia":[{"embeddable":true,"href":"https:\/\/finquesmartell.com\/ca\/wp-json\/wp\/v2\/media\/12982"}],"wp:attachment":[{"href":"https:\/\/finquesmartell.com\/ca\/wp-json\/wp\/v2\/media?parent=37485"}],"curies":[{"name":"wp","href":"https:\/\/api.w.org\/{rel}","templated":true}]}}