{"id":37490,"date":"2023-12-21T10:04:06","date_gmt":"2023-12-21T09:04:06","guid":{"rendered":"https:\/\/finquesmartell.com\/serveis\/administracio-de-finques-2\/"},"modified":"2024-01-29T10:25:30","modified_gmt":"2024-01-29T09:25:30","slug":"administracio-de-finques","status":"publish","type":"page","link":"https:\/\/finquesmartell.com\/ca\/serveis\/administracio-de-finques\/","title":{"rendered":"Administraci\u00f3 de finques"},"content":{"rendered":"<div class=\"gb-container gb-container-c0bd6d3f gb-container-seccio\">\n<div class=\"gb-container gb-container-2e2c90bf gb-container-seccio-inner\">\n<div class=\"gb-container gb-container-42f4d18b\">\n\n<h2 class=\"gb-headline gb-headline-5032fe8d gb-headline-text gb-headline-biggest\">Viu la teva vida,<br>nosaltres ens encarreguem de tota la resta.<\/h2>\n\n<\/div>\n\n<div class=\"gb-container gb-container-e5cb305f\">\n\n<p class=\"gb-headline gb-headline-ef64a21c gb-headline-text gb-headline-medium\">Treballem per fer de la teva comunitat un espai sense preocupacions.<\/p>\n\n<\/div>\n\n<div class=\"gb-container gb-container-ea585e7f alignfull\"><\/div>\n<\/div>\n<\/div><div class=\"gb-container gb-container-678f0575 gb-container-seccio\">\n<div class=\"gb-container gb-container-52cfca36 gb-container-seccio-inner\">\n\n<h2 class=\"gb-headline gb-headline-084103e4 gb-headline-text gb-headline-normal-plus\">La nostra metodologia<\/h2>\n\n\n<div class=\"gb-container gb-container-9141a8a9\"><\/div>\n<\/div>\n\n<div class=\"gb-container gb-container-a3e18d93 gb-container-seccio-inner\">\n\n<p class=\"gb-headline gb-headline-23fecd49 gb-headline-text gb-headline-normal-plus\">Ens ocupem presencialment i personalment de tots els aspectes de la teva comunitat amb el nostre servei d&#8217;administraci\u00f3 de finques, des de les obligacions fiscals, jur\u00eddiques i t\u00e8cniques fins a l&#8217;elaboraci\u00f3 de pressupostos i manteniment. Per\u00f2 a m\u00e9s t&#8217;ajudem a reduir costos i crear un bon clima a la finca. Perqu\u00e8 al final, all\u00f2 important \u00e9s fer del teu edifici un lloc millor on puguis viure la teva vida.<\/p>\n\n<\/div>\n<\/div><div class=\"gb-container gb-container-caed2447 gb-container-seccio\">\n<div class=\"gb-container gb-container-66e39670 gb-container-seccio-inner\">\n<div class=\"gb-grid-wrapper gb-grid-wrapper-124e63f4\">\n<div class=\"gb-grid-column gb-grid-column-ff4cd2e4\"><div class=\"gb-container gb-container-ff4cd2e4\">\n\n<div class=\"gb-headline gb-headline-e57a2147 gb-headline-text gb-headline-big\" data-title=\"1\">1<\/div>\n\n\n\n<h3 class=\"gb-headline gb-headline-db94ad86 gb-headline-text gb-headline-titol\">Comunicaci\u00f3<\/h3>\n\n\n\n<p class=\"gb-headline gb-headline-7c97a126 gb-headline-text\">Accedeix a tota la informaci\u00f3 ia un flux de comunicaci\u00f3 clar amb el teu administrador, per tenir el control i prendre decisions encertades.<\/p>\n\n<\/div><\/div>\n\n<div class=\"gb-grid-column gb-grid-column-57c0b6d2\"><div class=\"gb-container gb-container-57c0b6d2\">\n\n<div class=\"gb-headline gb-headline-1900f112 gb-headline-text gb-headline-big\" data-title=\"2\">2<\/div>\n\n\n\n<h3 class=\"gb-headline gb-headline-9e0b0b34 gb-headline-text gb-headline-titol\">Escurcem temps<\/h3>\n\n\n\n<p class=\"gb-headline gb-headline-518faf2d gb-headline-text\">Cada comunitat \u00e9s \u00fanica i treballem a fons les seves particularitats per oferir solucions a mida.<\/p>\n\n<\/div><\/div>\n\n<div class=\"gb-grid-column gb-grid-column-dacf95db\"><div class=\"gb-container gb-container-dacf95db\">\n\n<div class=\"gb-headline gb-headline-e919d6d2 gb-headline-text gb-headline-big\" data-title=\"3\">3<\/div>\n\n\n\n<h3 class=\"gb-headline gb-headline-0d15a6c0 gb-headline-text gb-headline-titol\">Manteniment i Millores<\/h3>\n\n\n\n<p class=\"gb-headline gb-headline-65a81771 gb-headline-text\">Ens encarreguem del manteniment regular i de les millores necess\u00e0ries per assegurar que la teva propietat sempre estigui en les millors condicions.<\/p>\n\n<\/div><\/div>\n\n<div class=\"gb-grid-column gb-grid-column-41a067a3\"><div class=\"gb-container gb-container-41a067a3\">\n\n<div class=\"gb-headline gb-headline-b5483a2e gb-headline-text gb-headline-big\" data-title=\"4\">4<\/div>\n\n\n\n<h3 class=\"gb-headline gb-headline-717ec99a gb-headline-text gb-headline-titol\">Control del detall<\/h3>\n\n\n\n<p class=\"gb-headline gb-headline-09c1ddbb gb-headline-text\">Creem un entorn que reflecteixi la identitat i les aspiracions de cada comunitat, facilitant un espai ajustat a les vostres necessitats i acollidor per a tothom.<\/p>\n\n<\/div><\/div>\n\n<div class=\"gb-grid-column gb-grid-column-2f9b32d2\"><div class=\"gb-container gb-container-2f9b32d2\">\n\n<div class=\"gb-headline gb-headline-969ba407 gb-headline-text gb-headline-big\" data-title=\"5\">5<\/div>\n\n\n\n<h3 class=\"gb-headline gb-headline-f28b9351 gb-headline-text gb-headline-titol\">informaci\u00f3 24h<\/h3>\n\n\n\n<p class=\"gb-headline gb-headline-08178663 gb-headline-text\">Amb l&#8217;\u00e0rea de clients en l\u00ednia tindr\u00e0s acc\u00e9s les 24 hores del dia als teus contractes, incid\u00e8ncies i liquidacions, i podr\u00e0s controlar l&#8217;historial de gestions, pressupostos i la situaci\u00f3 de morositat. Mantingues el control de manera f\u00e0cil i r\u00e0pida.<\/p>\n\n<\/div><\/div>\n\n<div class=\"gb-grid-column gb-grid-column-26932dd6\"><div class=\"gb-container gb-container-26932dd6\">\n\n<div class=\"gb-headline gb-headline-7729081f gb-headline-text gb-headline-big\" data-title=\"6\">6<\/div>\n\n\n\n<h3 class=\"gb-headline gb-headline-e053df94 gb-headline-text gb-headline-titol\">Multiplica el valor<\/h3>\n\n\n\n<p class=\"gb-headline gb-headline-798c1c64 gb-headline-text\">Visites peri\u00f2diques als edificis, fitxes<br>personalitzades de les necessitats, comptes clars i actualitzaci\u00f3 de la normativa, per evitar ensurts.<\/p>\n\n<\/div><\/div>\n<\/div>\n\n<div class=\"gb-container gb-container-b617f048\">\n\n<a class=\"gb-button gb-button-cd8b377c gb-button-text gb-button-taronja\" href=\"https:\/\/finquesmartell.com\/ca\/contacte\/\">Vull tranquil\u00b7litat<\/a>\n\n<\/div>\n<\/div>\n<\/div><div class=\"gb-container gb-container-dedb90d0\">\n<div class=\"gb-container gb-container-ed123268\"><\/div>\n<\/div><div class=\"gb-container gb-container-0cda6017 gb-container-seccio\">\n<div class=\"gb-container gb-container-4a4bf594 gb-container-seccio-inner\">\n\n<h2 class=\"gb-headline gb-headline-5c72f38d gb-headline-text gb-headline-normal-plus\">El nostre Comprom\u00eds: Qualitat i Tranquil\u00b7litat a la teva Comunitat<\/h2>\n\n\n<div class=\"gb-container gb-container-b0caa2d1\"><\/div>\n<\/div>\n\n<div class=\"gb-container gb-container-eb21ec39 gb-container-seccio-inner\">\n<div class=\"gb-grid-wrapper gb-grid-wrapper-12de6023\">\n<div class=\"gb-grid-column gb-grid-column-b5f946ed\"><div class=\"gb-container gb-container-b5f946ed\">\n<div class=\"gb-container gb-container-7d5ae67a\">\n\n<h3 class=\"gb-headline gb-headline-c390dfa8 gb-headline-text gb-headline-titol\">gesti\u00f3 integral<\/h3>\n\n\n\n<p class=\"has-text-align-center has-contrast-2-color has-text-color has-link-color wp-elements-41a4725e41b71b5df2296aafe45e40d5\">A Finques Martell entenem que l&#8217;administraci\u00f3 de finques va m\u00e9s enll\u00e0 de la simple gesti\u00f3 de propietats. Ens ocupem de cada detall, des de les obligacions fiscals i jur\u00eddiques fins al manteniment t\u00e8cnic i l&#8217;elaboraci\u00f3 de pressuposts. El nostre enfocament integral assegura que tots els aspectes de la vostra comunitat estiguin coberts.<\/p>\n\n\n\n<h3 class=\"gb-headline gb-headline-44122e4f gb-headline-text gb-headline-titol\">reducci\u00f3 de costos<\/h3>\n\n\n\n<p class=\"has-text-align-center has-contrast-2-color has-text-color has-link-color wp-elements-096b8c0ba2a833b3e85e2efbcc303de0\">El nostre objectiu \u00e9s maximitzar l&#8217;efici\u00e8ncia i minimitzar-ne les despeses. Treballem per reduir costos sense comprometre la qualitat, assegurant que la vostra comunitat rebi el millor servei al millor preu.<\/p>\n\n\n\n<h3 class=\"gb-headline gb-headline-732ce8a7 gb-headline-text gb-headline-titol\">ambient harmoni\u00f3s<\/h3>\n\n\n\n<p class=\"has-text-align-center has-contrast-2-color has-text-color has-link-color wp-elements-54bd527e376870b2eef8fda01be235de\">Creiem que \u00e9s important un ambient comunitari positiu. Ens esforcem per crear i mantenir un entorn harmoni\u00f3s perqu\u00e8 vost\u00e8 pugui gaudir plenament de casa seva.<\/p>\n\n<\/div>\n\n<div class=\"gb-container gb-container-9873241c\">\n\n<figure class=\"wp-block-image size-thumbnail is-style-default\"><img loading=\"lazy\" decoding=\"async\" width=\"300\" height=\"300\" src=\"https:\/\/finquesmartell.com\/wp-content\/uploads\/2023\/11\/10-300x300.png\" alt=\"Administraci&#xF3; de finques\" class=\"wp-image-36886\" style=\"aspect-ratio:1;object-fit:cover\"\/><\/figure>\n<\/div>\n<\/div><\/div>\n<\/div>\n<\/div>\n<\/div><div class=\"gb-container gb-container-ffac323c gb-container-seccio\">\n<div class=\"gb-container gb-container-cc2b902a gb-container-seccio-inner\">\n\n<h2 class=\"gb-headline gb-headline-e29d1c0a gb-headline-text gb-headline-normal-plus\">beneficis de l&#8217;administraci\u00f3 de finques<\/h2>\n\n\n<div class=\"gb-container gb-container-486a25d7\"><\/div>\n<\/div>\n\n<div class=\"gb-container gb-container-4586cbe8 gb-container-seccio\">\n<div class=\"gb-container gb-container-b0dbcc43 gb-container-seccio-inner\">\n<div class=\"gb-grid-wrapper gb-grid-wrapper-38187b05\">\n<div class=\"gb-grid-column gb-grid-column-419be0b7\"><div class=\"gb-container gb-container-419be0b7\">\n\n<div class=\"gb-headline gb-headline-32f6574b gb-headline-text gb-headline-big\" data-title=\"1\">1<\/div>\n\n\n\n<h3 class=\"gb-headline gb-headline-bbebbdbf gb-headline-text gb-headline-titol\">Optimitzaci\u00f3 de Costos<\/h3>\n\n\n\n<p class=\"gb-headline gb-headline-1bd4d31a gb-headline-text\">Una gesti\u00f3 eficient pot ajudar a reduir les despeses comunes.<\/p>\n\n<\/div><\/div>\n\n<div class=\"gb-grid-column gb-grid-column-1f38179d\"><div class=\"gb-container gb-container-1f38179d\">\n\n<div class=\"gb-headline gb-headline-1497953f gb-headline-text gb-headline-big\" data-title=\"2\">2<\/div>\n\n\n\n<h3 class=\"gb-headline gb-headline-8c0aa836 gb-headline-text gb-headline-titol\">Millora a la Qualitat de Vida<\/h3>\n\n\n\n<p class=\"gb-headline gb-headline-0cf25c81 gb-headline-text\">Una finca ben administrada garanteix un entorn m\u00e9s agradable i segur.<\/p>\n\n<\/div><\/div>\n\n<div class=\"gb-grid-column gb-grid-column-1abadcf3\"><div class=\"gb-container gb-container-1abadcf3\">\n\n<div class=\"gb-headline gb-headline-881595f7 gb-headline-text gb-headline-big\" data-title=\"3\">3<\/div>\n\n\n\n<h3 class=\"gb-headline gb-headline-08c8f8d1 gb-headline-text gb-headline-titol\">Menys burocr\u00e0cia<\/h3>\n\n\n\n<p class=\"gb-headline gb-headline-11892616 gb-headline-text\">Un administrador pot actuar com a mediador en disputes, mantenint la pau a la comunitat.<\/p>\n\n<\/div><\/div>\n<\/div>\n<\/div>\n<\/div>\n<\/div><div class=\"gb-container gb-container-e5dd7aa0 gb-container-seccio\">\n<div class=\"gb-container gb-container-31e080a7\">\n<div class=\"gb-container gb-container-cf3d07ce gb-container-seccio-inner\">\n\n<h2 class=\"gb-headline gb-headline-6002a758 gb-headline-text gb-headline-normal-plus\">CANVI D&#8217;ADMINISTRADOR<\/h2>\n\n\n<div class=\"gb-container gb-container-a5e629cf\"><\/div>\n<\/div>\n<\/div>\n\n<div class=\"gb-container gb-container-a0aedbd2 gb-container-seccio-inner\">\n<div class=\"gb-grid-wrapper gb-grid-wrapper-b9f0b1ec\">\n<div class=\"gb-grid-column gb-grid-column-6a771664\"><div class=\"gb-container gb-container-6a771664\">\n<div class=\"gb-container gb-container-a65910e0\">\n\n<figure class=\"wp-block-image size-medium is-style-default\"><img loading=\"lazy\" decoding=\"async\" width=\"532\" height=\"800\" src=\"https:\/\/finquesmartell.com\/wp-content\/uploads\/2023\/12\/pexels-claudia-p-9267463-532x800.jpg\" alt=\"Administraci&#xF3; de finques\" class=\"wp-image-37542\" style=\"aspect-ratio:3\/2;object-fit:cover\" srcset=\"https:\/\/finquesmartell.com\/wp-content\/uploads\/2023\/12\/pexels-claudia-p-9267463-532x800.jpg 532w, https:\/\/finquesmartell.com\/wp-content\/uploads\/2023\/12\/pexels-claudia-p-9267463-1330x2000.jpg 1330w, https:\/\/finquesmartell.com\/wp-content\/uploads\/2023\/12\/pexels-claudia-p-9267463-768x1155.jpg 768w, https:\/\/finquesmartell.com\/wp-content\/uploads\/2023\/12\/pexels-claudia-p-9267463-1021x1536.jpg 1021w, https:\/\/finquesmartell.com\/wp-content\/uploads\/2023\/12\/pexels-claudia-p-9267463-1362x2048.jpg 1362w, https:\/\/finquesmartell.com\/wp-content\/uploads\/2023\/12\/pexels-claudia-p-9267463-scaled.jpg 1702w\" sizes=\"auto, (max-width: 532px) 100vw, 532px\" \/><\/figure>\n<\/div>\n\n<div class=\"gb-container gb-container-f9284c73\">\n\n<h2 class=\"gb-headline gb-headline-ff8bc6e4 gb-headline-text gb-headline-normal-plus\">Sents que \u00e9s hora de canviar el teu administrador de finques? A Finques Martell entenem la import\u00e0ncia d&#8217;una gesti\u00f3 eficient i personalitzada per a la vostra comunitat de propietaris. De vegades, la inefic\u00e0cia en la resoluci\u00f3 de problemes, demores en gestions b\u00e0siques i manca de comunicaci\u00f3 poden fer plantejar-se un canvi d&#8217;administrador.  <\/h2>\n\n\n\n<h2 class=\"gb-headline gb-headline-9a139783 gb-headline-text gb-headline-normal-plus\">  De vegades, el canvi pot semblar aclaparador. A Finques Martell, desmitifiquem el proc\u00e9s: gestionem la transici\u00f3 de manera eficient per minimitzar interrupcions i facilitem el consens entre els ve\u00efns, fent que el canvi sigui un proc\u00e9s col\u00b7laboratiu i sense conflictes.<\/h2>\n\n<\/div>\n<\/div><\/div>\n<\/div>\n<\/div>\n<\/div><div class=\"gb-container gb-container-3f66ba1c\">\n<div class=\"gb-container gb-container-c5365750 gb-container-seccio\">\n<div class=\"gb-container gb-container-daa9f763 gb-container-seccio-inner\">\n\n<h2 class=\"gb-headline gb-headline-ba64659c gb-headline-text gb-headline-normal-plus\">canvia en 3 passos<\/h2>\n\n\n<div class=\"gb-container gb-container-4bc34e79\"><\/div>\n<\/div>\n\n<div class=\"gb-container gb-container-fb5c87db gb-container-seccio-inner\">\n\n<h2 class=\"gb-headline gb-headline-7871dd01 gb-headline-text gb-headline-normal-plus\">El canvi dadministrador pot ser aprovat en qualsevol moment durant una junta de propietaris, ja sigui ordin\u00e0ria o extraordin\u00e0ria. Encara que hi hagi un contracte a llarg termini, respectem la legislaci\u00f3 vigent i facilitem renovacions anuals del c\u00e0rrec.<\/h2>\n\n<\/div>\n\n<div class=\"gb-container gb-container-f33a9ac1 gb-container-seccio\">\n<div class=\"gb-container gb-container-1814b625 gb-container-seccio-inner\">\n<div class=\"gb-grid-wrapper gb-grid-wrapper-4125f393\">\n<div class=\"gb-grid-column gb-grid-column-c24de75d\"><div class=\"gb-container gb-container-c24de75d\">\n\n<div class=\"gb-headline gb-headline-0f2b20b5 gb-headline-text gb-headline-big\" data-title=\"1\">1<\/div>\n\n\n\n<h3 class=\"gb-headline gb-headline-df759ebd gb-headline-text gb-headline-titol\">Contacta amb nosaltres<\/h3>\n\n\n\n<p class=\"gb-headline gb-headline-c07a3a27 gb-headline-text\">Demana un pressupost personalitzat sense comprom\u00eds i et proporcionarem una convocat\u00f2ria de junta llesta per imprimir o enviar. Si vols, podem fer una visita pr\u00e8via a la teva finca.<\/p>\n\n<\/div><\/div>\n\n<div class=\"gb-grid-column gb-grid-column-f62df8d7\"><div class=\"gb-container gb-container-f62df8d7\">\n\n<div class=\"gb-headline gb-headline-35173b28 gb-headline-text gb-headline-big\" data-title=\"2\">2<\/div>\n\n\n\n<h3 class=\"gb-headline gb-headline-88dac093 gb-headline-text gb-headline-titol\">convoca una junta<\/h3>\n\n\n\n<p class=\"gb-headline gb-headline-e771ea01 gb-headline-text\">Reuneix els teus ve\u00efns, voteu a favor del canvi. No cal que aviseu el vostre administrador actual. T&#8217;ajudem a gestionar la convocat\u00f2ria i facilitar el proc\u00e9s de votaci\u00f3.<\/p>\n\n<\/div><\/div>\n\n<div class=\"gb-grid-column gb-grid-column-849b4d01\"><div class=\"gb-container gb-container-849b4d01\">\n\n<div class=\"gb-headline gb-headline-50fc502b gb-headline-text gb-headline-big\" data-title=\"3\">3<\/div>\n\n\n\n<h3 class=\"gb-headline gb-headline-ca290b0c gb-headline-text gb-headline-titol\">envia l&#8217;acta signada<\/h3>\n\n\n\n<p class=\"gb-headline gb-headline-28a1282c gb-headline-text\">Envia&#8217;ns l&#8217;acta signada. Nosaltres ens encarreguem del trasp\u00e0s de documents i fons amb el teu administrador anterior. En aproximadament un mes, ens reunirem per con\u00e8ixer-nos i notar\u00e0s la difer\u00e8ncia.<\/p>\n\n<\/div><\/div>\n<\/div>\n<\/div>\n<\/div>\n<\/div>\n<\/div><div class=\"gb-container gb-container-1d3e567b gb-container-seccio\">\n<div class=\"gb-container gb-container-12b77676\">\n<div class=\"gb-container gb-container-a50efbe4\">\n\n<h2 class=\"gb-headline gb-headline-8ff8a5f1 gb-headline-text gb-headline-big\">\u00c0rea Client 24h.<\/h2>\n\n\n\n<h3 class=\"gb-headline gb-headline-666b00a1 gb-headline-text gb-headline-medium\">Tot a la m\u00e0 i en qualsevol moment<\/h3>\n\n\n\n<p class=\"gb-headline gb-headline-9e469cdb gb-headline-text\">Amb l&#8217;\u00e0rea de clients en l\u00ednia tindr\u00e0s acc\u00e9s les 24<br>hores del dia als teus contractes, incid\u00e8ncies i<br>liquidacions, i podr\u00e0s controlar l&#8217;historial de<br>gestions, pressupostos i la situaci\u00f3 de morositat.<br>Mantingues el control de manera f\u00e0cil i r\u00e0pida.<br>On vulguis i quan vulguis.<\/p>\n\n\n\n<a class=\"gb-button gb-button-bc519493 gb-button-text gb-button-blau-outline\" href=\"https:\/\/administracioonline.finquesmartell.com\/#\/login\" target=\"_blank\" rel=\"noopener noreferrer\">Descobreix la nostra \u00c0REA CLIENT<\/a>\n\n<\/div>\n<\/div>\n<\/div><div class=\"gb-container gb-container-51266ce9 gb-container-seccio\">\n<div class=\"gb-container gb-container-58b2f8f2 gb-container-seccio-inner\">\n\n<h2 class=\"gb-headline gb-headline-61a32861 gb-headline-text gb-headline-normal-plus\">Contacta amb nosaltres: administrem la teva finca de manera efica\u00e7<\/h2>\n\n\n<div class=\"gb-container gb-container-764fe1b4\"><\/div>\n<\/div>\n\n<div class=\"gb-container gb-container-41e21e23 gb-container-seccio-inner\">\n\n<p style=\"font-size:22px\">A Finques Martell oferim una soluci\u00f3 integral a l&#8217;administraci\u00f3 de finques, combinant efici\u00e8ncia, reducci\u00f3 de costos i un enfocament personalitzat per millorar la qualitat de vida a la teva comunitat. Confia en la nostra experi\u00e8ncia i comprom\u00eds per a una gesti\u00f3 que marca la difer\u00e8ncia.<\/p>\n\n<\/div>\n<\/div><div class=\"gb-container gb-container-8cabf6ee gb-container-seccio\">\n<div class=\"gb-container gb-container-c648ac1f gb-container-seccio-inner\">\n<div class=\"gb-grid-wrapper gb-grid-wrapper-a665147e\">\n<div class=\"gb-grid-column gb-grid-column-d578d0bb\"><div class=\"gb-container gb-container-d578d0bb\">\n<div class=\"gb-container gb-container-aca92d01\">\n\n<h2 class=\"gb-headline gb-headline-e1047d8b gb-headline-text gb-headline-big\">Vols que administrem<br>la teva comunitat?<\/h2>\n\n<\/div>\n\n<div class=\"gb-container gb-container-14943ea4\">\n\n<a class=\"gb-button gb-button-a44f3b8e gb-button-text gb-button-quadrats\" href=\"mailto:martell@finquesmartell.com?subject=Contacto%20web%20comunidades\" target=\"_blank\" rel=\"noopener noreferrer\">Vull m\u00e9s <strong>informaci\u00f3<\/strong><\/a>\n\n<\/div>\n<\/div><\/div>\n<\/div>\n<\/div>\n<\/div><div class=\"gb-container gb-container-c9b02b87 gb-container-seccio\">\n<div class=\"gb-container gb-container-cd8c8558 gb-container-seccio-inner\">\n<div class=\"gb-container gb-container-89ded150 gb-container-seccio-inner\">\n\n<h2 class=\"gb-headline gb-headline-f523392d gb-headline-text gb-headline-normal-plus\">PREGUNTES FREQ\u00dcENTS (FAQ)<\/h2>\n\n\n<div class=\"gb-container gb-container-3102c608\"><\/div>\n<\/div>\n\n<div id=\"rank-math-faq\" class=\"rank-math-block\">\n<ol class=\"rank-math-list \">\n<li id=\"faq-question-1698334660771\" class=\"rank-math-list-item\">\n<h3 class=\"rank-math-question \">Com pot Finques Martell ajudar a reduir els costos de la meva comunitat?<\/h3>\n<div class=\"rank-math-answer \">\n\n<p>Ens enfoquem en una gesti\u00f3 eficient i en la negociaci\u00f3 amb prove\u00efdors per assegurar serveis de qualitat a preus competitius, reduint aix\u00ed els costos generals.<\/p>\n\n<\/div>\n<\/li>\n<li id=\"faq-question-1698334680897\" class=\"rank-math-list-item\">\n<h3 class=\"rank-math-question \">Quina mena de comunicaci\u00f3 puc esperar de Finques Martell?<\/h3>\n<div class=\"rank-math-answer \">\n\n<p>Oferim una comunicaci\u00f3 constant i transparent. Vost\u00e8 tindr\u00e0 acc\u00e9s a tota la informaci\u00f3 rellevant sobre la vostra comunitat, incloent decisions, canvis i actualitzacions.<\/p>\n\n<\/div>\n<\/li>\n<li id=\"faq-question-1698334691071\" class=\"rank-math-list-item\">\n<h3 class=\"rank-math-question \">Com es manegen les reparacions i el manteniment a la comunitat?<\/h3>\n<div class=\"rank-math-answer \">\n\n<p>Ens ocupem de coordinar i supervisar totes les reparacions i treballs de manteniment, assegurant que es realitzin de manera eficient i amb els est\u00e0ndards de qualitat m\u00e9s alts.<\/p>\n\n<\/div>\n<\/li>\n<\/ol>\n<\/div>\n<\/div>\n<\/div><div class=\"gb-container gb-container-eea18eb6 gb-container-seccio\">\n<div class=\"gb-container gb-container-96f4259e gb-container-seccio-inner\">\n\n<h2 class=\"gb-headline gb-headline-cef8b028 gb-headline-text gb-headline-big\" data-title=\"Nuestras Instalaciones\">Instal\u00b7lacions<\/h2>\n\n\n\n<a class=\"gb-button gb-button-736a2376 gb-button-text gb-button-taronja\" href=\"https:\/\/finquesmartell.com\/ca\/les-nostres-installacions\/\">Les nostres instal\u00b7lacions<\/a>\n\n<\/div>\n<\/div><div class=\"gb-container gb-container-99ec38df\">\n<div class=\"gb-container gb-container-660fcdc5\">\n\n<p class=\"has-text-align-center has-color-color has-text-color has-link-color has-small-font-size wp-elements-1a08fd1addecf0e97770d31b7ac8369a\"><strong>Segueix-nos a Instagram<\/strong><\/p>\n\n\n<div class=\"gb-button-wrapper gb-button-wrapper-0185ac84\">\n\n<a class=\"gb-button gb-button-aab23158\" href=\"https:\/\/www.instagram.com\/finques_martell\/\" target=\"_blank\" rel=\"noopener\"><span class=\"gb-icon\"><svg xmlns=\"http:\/\/www.w3.org\/2000\/svg\" aria-hidden=\"true\" height=\"1em\" width=\"1em\" viewbox=\"0 0 448 512\"><path fill=\"currentColor\" d=\"M224.1 141c-63.6 0-114.9 51.3-114.9 114.9s51.3 114.9 114.9 114.9S339 319.5 339 255.9 287.7 141 224.1 141zm0 189.6c-41.1 0-74.7-33.5-74.7-74.7s33.5-74.7 74.7-74.7 74.7 33.5 74.7 74.7-33.6 74.7-74.7 74.7zm146.4-194.3c0 14.9-12 26.8-26.8 26.8-14.9 0-26.8-12-26.8-26.8s12-26.8 26.8-26.8 26.8 12 26.8 26.8zm76.1 27.2c-1.7-35.9-9.9-67.7-36.2-93.9-26.2-26.2-58-34.4-93.9-36.2-37-2.1-147.9-2.1-184.9 0-35.8 1.7-67.6 9.9-93.9 36.1s-34.4 58-36.2 93.9c-2.1 37-2.1 147.9 0 184.9 1.7 35.9 9.9 67.7 36.2 93.9s58 34.4 93.9 36.2c37 2.1 147.9 2.1 184.9 0 35.9-1.7 67.7-9.9 93.9-36.2 26.2-26.2 34.4-58 36.2-93.9 2.1-37 2.1-147.8 0-184.8zM398.8 388c-7.8 19.6-22.9 34.7-42.6 42.6-29.5 11.7-99.5 9-132.1 9s-102.7 2.6-132.1-9c-19.6-7.8-34.7-22.9-42.6-42.6-11.7-29.5-9-99.5-9-132.1s-2.6-102.7 9-132.1c7.8-19.6 22.9-34.7 42.6-42.6 29.5-11.7 99.5-9 132.1-9s102.7-2.6 132.1 9c19.6 7.8 34.7 22.9 42.6 42.6 11.7 29.5 9 99.5 9 132.1s2.7 102.7-9 132.1z\"><\/path><\/svg><\/span><\/a>\n\n<\/div>\n<\/div>\n<\/div>","protected":false},"excerpt":{"rendered":"<p>Viu la teva vida,nosaltres ens encarreguem de tota la resta. Treballem per fer de la teva comunitat un espai sense<\/p>\n","protected":false},"author":1,"featured_media":13282,"parent":11056,"menu_order":0,"comment_status":"closed","ping_status":"closed","template":"","meta":{"_acf_changed":false,"CBBTypography":[],"footnotes":""},"class_list":{"0":"post-37490","1":"page","2":"type-page","3":"status-publish","4":"has-post-thumbnail","6":"no-featured-image-padding"},"acf":[],"_links":{"self":[{"href":"https:\/\/finquesmartell.com\/ca\/wp-json\/wp\/v2\/pages\/37490","targetHints":{"allow":["GET"]}}],"collection":[{"href":"https:\/\/finquesmartell.com\/ca\/wp-json\/wp\/v2\/pages"}],"about":[{"href":"https:\/\/finquesmartell.com\/ca\/wp-json\/wp\/v2\/types\/page"}],"author":[{"embeddable":true,"href":"https:\/\/finquesmartell.com\/ca\/wp-json\/wp\/v2\/users\/1"}],"replies":[{"embeddable":true,"href":"https:\/\/finquesmartell.com\/ca\/wp-json\/wp\/v2\/comments?post=37490"}],"version-history":[{"count":5,"href":"https:\/\/finquesmartell.com\/ca\/wp-json\/wp\/v2\/pages\/37490\/revisions"}],"predecessor-version":[{"id":38154,"href":"https:\/\/finquesmartell.com\/ca\/wp-json\/wp\/v2\/pages\/37490\/revisions\/38154"}],"up":[{"embeddable":true,"href":"https:\/\/finquesmartell.com\/ca\/wp-json\/wp\/v2\/pages\/11056"}],"wp:featuredmedia":[{"embeddable":true,"href":"https:\/\/finquesmartell.com\/ca\/wp-json\/wp\/v2\/media\/13282"}],"wp:attachment":[{"href":"https:\/\/finquesmartell.com\/ca\/wp-json\/wp\/v2\/media?parent=37490"}],"curies":[{"name":"wp","href":"https:\/\/api.w.org\/{rel}","templated":true}]}}