{"id":37511,"date":"2023-12-21T11:53:57","date_gmt":"2023-12-21T10:53:57","guid":{"rendered":"https:\/\/finquesmartell.com\/serveis\/hub-assessories-2\/"},"modified":"2023-12-21T12:04:53","modified_gmt":"2023-12-21T11:04:53","slug":"hub-assessories","status":"publish","type":"page","link":"https:\/\/finquesmartell.com\/ca\/serveis\/hub-assessories\/","title":{"rendered":"HUB assessories"},"content":{"rendered":"<div class=\"gb-container gb-container-c0bd6d3f gb-container-seccio\">\n<div class=\"gb-container gb-container-2e2c90bf gb-container-seccio-inner\">\n<div class=\"gb-container gb-container-42f4d18b\">\n\n<h2 class=\"gb-headline gb-headline-5032fe8d gb-headline-text gb-headline-biggest\">Multiplica els beneficis.<\/h2>\n\n<\/div>\n\n<div class=\"gb-container gb-container-e5cb305f\">\n\n<p class=\"gb-headline gb-headline-ef64a21c gb-headline-text gb-headline-medium\">Ens agrada donar-te el servei que ens agradaria rebre.<\/p>\n\n<\/div>\n\n<div class=\"gb-container gb-container-ea585e7f alignfull\"><\/div>\n<\/div>\n<\/div>\n\n<div class=\"gb-container gb-container-51266ce9 gb-container-seccio\">\n<div class=\"gb-container gb-container-58b2f8f2 gb-container-seccio-inner\">\n\n<h2 class=\"gb-headline gb-headline-61a32861 gb-headline-text gb-headline-normal-plus\">El nostre Hub<\/h2>\n\n\n<div class=\"gb-container gb-container-764fe1b4\"><\/div>\n<\/div>\n\n<div class=\"gb-container gb-container-41e21e23 gb-container-seccio-inner\">\n\n<h2 class=\"gb-headline gb-headline-382a6a41 gb-headline-text gb-headline-normal-plus\">Un espai ple de serveis inclosos perqu\u00e8 obtinguis m\u00e9s per menys. Explora totes les opcions que tenim disponibles per ajudar-te encara m\u00e9s:  <br>legal, assegurances, reformes i manteniment.<\/h2>\n\n<\/div>\n<\/div>\n\n<div class=\"gb-container gb-container-9698b281 gb-container-seccio\">\n<div class=\"gb-container gb-container-eb21ec39 gb-container-seccio-inner\">\n<div class=\"gb-grid-wrapper gb-grid-wrapper-12de6023\">\n<div class=\"gb-grid-column gb-grid-column-b5f946ed\"><div class=\"gb-container gb-container-b5f946ed\">\n<div class=\"gb-container gb-container-7d5ae67a\">\n\n<h2 class=\"gb-headline gb-headline-027b638b gb-headline-text gb-headline-big\">Legal<\/h2>\n\n\n\n<p class=\"gb-headline gb-headline-7c8d2a90 gb-headline-text\">Som aqu\u00ed per ajudar-te amb qualsevol problema legal relacionat amb els teus b\u00e9ns immobles. A m\u00e9s dels tr\u00e0mits habituals de compra, venda i lloguer d&#8217;immobles, el nostre equip legal ofereix assessorament i gesti\u00f3 en una \u00e0mplia gamma de serveis, com ara <strong>her\u00e8ncies, testaments<\/strong> , conflictes patrimonials, reclamacions per <strong>impagaments, ocupacions<\/strong> o finalitzaci\u00f3 de <strong>contractes<\/strong> .<\/p>\n\n<\/div>\n\n<div class=\"gb-container gb-container-9873241c\">\n\n<a class=\"gb-button gb-button-df617f55 gb-button-text gb-button-quadrats\" href=\"mailto:l.xicoy@fmartell-comunitats.com?subject=Contacto%20web%20legal\" target=\"_blank\" rel=\"noopener noreferrer\">Vull <strong>assessorament<\/strong><\/a>\n\n<\/div>\n<\/div><\/div>\n\n<div class=\"gb-grid-column gb-grid-column-2e51fd4d\"><div class=\"gb-container gb-container-2e51fd4d\">\n<div class=\"gb-container gb-container-9f219832\">\n\n<a class=\"gb-button gb-button-d280d01f gb-button-text gb-button-quadrats\" href=\"\/ca\/serveis\/hub-assessories\/asseguranca-de-la-comunitat-de-finques-martell\/\">Vull millorar <strong>les meves condicions<\/strong><\/a>\n\n<\/div>\n\n<div class=\"gb-container gb-container-7f29b7e9\">\n\n<h2 class=\"gb-headline gb-headline-d92fd215 gb-headline-text gb-headline-big\">Asseguran\u00e7a de la comunitat<\/h2>\n\n\n\n<p class=\"gb-headline gb-headline-40441ef0 gb-headline-text\">A la vida hi ha imprevistos que no podem controlar, per\u00f2 s\u00ed que podem tenir la tranquil\u00b7litat que <strong>tot est\u00e0 en bones mans<\/strong> . Amb la nostra <strong>asseguran\u00e7a de la comunitat<\/strong> les \u00e0rees comunes del teu edifici estaran sempre protegides.<\/p>\n\n<\/div>\n<\/div><\/div>\n\n<div class=\"gb-grid-column gb-grid-column-6537230c\"><div class=\"gb-container gb-container-6537230c\">\n<div class=\"gb-container gb-container-b41ebf70\">\n\n<h2 class=\"gb-headline gb-headline-ec8aa202 gb-headline-text gb-headline-big\">Asseguran\u00e7a per impagament de lloguer<\/h2>\n\n\n\n<p class=\"gb-headline gb-headline-74b78d28 gb-headline-text\">T&#8217;oferim el millor assessorament perqu\u00e8 cap imprevist et sorprengui, <strong>millorant les condicions<\/strong> i assegurant-te <strong>la millor protecci\u00f3<\/strong> . Amb la nostra <strong>asseguran\u00e7a per impagament de lloguer<\/strong> pots dormir tranquil sabent que els teus ingressos romandran constants.<\/p>\n\n<\/div>\n\n<div class=\"gb-container gb-container-e478abf4\">\n\n<a class=\"gb-button gb-button-f792a7cd gb-button-text gb-button-quadrats\" href=\"\/ca\/serveis\/hub-assessories\/asseguranca-per-impagament-de-lloguer-de-finques-martell\/\">Vull millorar <strong>les meves condicions<\/strong><\/a>\n\n<\/div>\n<\/div><\/div>\n\n<div class=\"gb-grid-column gb-grid-column-16098c65\"><div class=\"gb-container gb-container-16098c65\">\n<div class=\"gb-container gb-container-d905c3b8\">\n\n<a class=\"gb-button gb-button-55fa25fc gb-button-text gb-button-quadrats\" href=\"mailto:l.xicoy@fmartell-comunitats.com?subject=Contacto%20web%20reformas\">Vull <strong>Assessorament<\/strong><\/a>\n\n<\/div>\n\n<div class=\"gb-container gb-container-4f7e8335\">\n\n<h2 class=\"gb-headline gb-headline-20fd051f gb-headline-text gb-headline-big\">Reformes<\/h2>\n\n\n\n<p class=\"gb-headline gb-headline-da87adca gb-headline-text\">Gestionem i et proposem a la nostra <strong>base de prove\u00efdors<\/strong> altament <strong>capacitats, provats<\/strong> i amb <strong>condicions especials<\/strong> , que s&#8217;encarregaran de brindar-te <strong>solucions<\/strong> efectives, netes i r\u00e0pides perqu\u00e8 puguis gaudir d&#8217;un <strong>servei excel\u00b7lent<\/strong> . Ja siguin obres majors, menors, comunit\u00e0ries o individuals.<\/p>\n\n<\/div>\n<\/div><\/div>\n\n<div class=\"gb-grid-column gb-grid-column-b1ea02cf\"><div class=\"gb-container gb-container-b1ea02cf\">\n<div class=\"gb-container gb-container-f829e441\">\n\n<h2 class=\"gb-headline gb-headline-58f761a4 gb-headline-text gb-headline-big\">Manteniment<\/h2>\n\n\n\n<p class=\"gb-headline gb-headline-a34852d9 gb-headline-text\">Els nostres m\u00faltiples serveis professionals us ofereixen la tranquil\u00b7litat de saber que <strong>tot est\u00e0 sota control<\/strong> , tant per a tu com per als vostres ve\u00efns. Gaudeix de solucions <strong>individuals o integrals<\/strong> a un cost <strong>assequible i sense sorpreses<\/strong> . Neteja, consergeria, jardineria, piscines, revisi\u00f3 d&#8217;ascensors i elements de seguretat i una infinitat de solucions.<\/p>\n\n<\/div>\n\n<div class=\"gb-container gb-container-668fec5a\">\n\n<a class=\"gb-button gb-button-c6b49134 gb-button-text gb-button-quadrats\" href=\"mailto:proveidors@finquesmartell.com?subject=Contacto%20web%20mantenimiento\" target=\"_blank\" rel=\"noopener noreferrer\">Vull <strong>saber-ne m\u00e9s<\/strong><\/a>\n\n<\/div>\n<\/div><\/div>\n<\/div>\n<\/div>\n<\/div>\n\n<div class=\"gb-container gb-container-1d3e567b gb-container-seccio\">\n<div class=\"gb-container gb-container-12b77676\">\n<div class=\"gb-container gb-container-a50efbe4\">\n\n<h2 class=\"gb-headline gb-headline-8ff8a5f1 gb-headline-text gb-headline-big\">\u00c0rea Client 24h.<\/h2>\n\n\n\n<h3 class=\"gb-headline gb-headline-666b00a1 gb-headline-text gb-headline-medium\">Tot a la m\u00e0 i en qualsevol moment<\/h3>\n\n\n\n<p class=\"gb-headline gb-headline-9e469cdb gb-headline-text\">Amb l&#8217;\u00e0rea de clients en l\u00ednia tindr\u00e0s acc\u00e9s les 24<br>hores del dia als teus contractes, incid\u00e8ncies i<br>liquidacions, i podr\u00e0s controlar l&#8217;historial de<br>gestions, pressupostos i la situaci\u00f3 de morositat.<br>Mantingues el control de manera f\u00e0cil i r\u00e0pida.<br>On vulguis i quan vulguis.<\/p>\n\n\n\n<a class=\"gb-button gb-button-bc519493 gb-button-text gb-button-blau-outline\" href=\"https:\/\/administracioonline.finquesmartell.com\/#\/login\" target=\"_blank\" rel=\"noopener noreferrer\">Descobreix la nostra \u00c0REA CLIENT<\/a>\n\n<\/div>\n<\/div>\n<\/div>\n\n<div class=\"gb-container gb-container-99ec38df\">\n<div class=\"gb-container gb-container-660fcdc5\">\n\n<p class=\"has-text-align-center has-color-color has-text-color has-link-color has-small-font-size wp-elements-bad31d49f1f78a22a24fd804173089b7\"><strong>Segueix-nos a Instagram<\/strong><\/p>\n\n\n<div class=\"gb-button-wrapper gb-button-wrapper-0185ac84\">\n\n<a class=\"gb-button gb-button-aab23158\" href=\"https:\/\/www.instagram.com\/finques_martell\/\" target=\"_blank\" rel=\"noopener\"><span class=\"gb-icon\"><svg xmlns=\"http:\/\/www.w3.org\/2000\/svg\" aria-hidden=\"true\" height=\"1em\" width=\"1em\" viewBox=\"0 0 448 512\"><path fill=\"currentColor\" d=\"M224.1 141c-63.6 0-114.9 51.3-114.9 114.9s51.3 114.9 114.9 114.9S339 319.5 339 255.9 287.7 141 224.1 141zm0 189.6c-41.1 0-74.7-33.5-74.7-74.7s33.5-74.7 74.7-74.7 74.7 33.5 74.7 74.7-33.6 74.7-74.7 74.7zm146.4-194.3c0 14.9-12 26.8-26.8 26.8-14.9 0-26.8-12-26.8-26.8s12-26.8 26.8-26.8 26.8 12 26.8 26.8zm76.1 27.2c-1.7-35.9-9.9-67.7-36.2-93.9-26.2-26.2-58-34.4-93.9-36.2-37-2.1-147.9-2.1-184.9 0-35.8 1.7-67.6 9.9-93.9 36.1s-34.4 58-36.2 93.9c-2.1 37-2.1 147.9 0 184.9 1.7 35.9 9.9 67.7 36.2 93.9s58 34.4 93.9 36.2c37 2.1 147.9 2.1 184.9 0 35.9-1.7 67.7-9.9 93.9-36.2 26.2-26.2 34.4-58 36.2-93.9 2.1-37 2.1-147.8 0-184.8zM398.8 388c-7.8 19.6-22.9 34.7-42.6 42.6-29.5 11.7-99.5 9-132.1 9s-102.7 2.6-132.1-9c-19.6-7.8-34.7-22.9-42.6-42.6-11.7-29.5-9-99.5-9-132.1s-2.6-102.7 9-132.1c7.8-19.6 22.9-34.7 42.6-42.6 29.5-11.7 99.5-9 132.1-9s102.7-2.6 132.1 9c19.6 7.8 34.7 22.9 42.6 42.6 11.7 29.5 9 99.5 9 132.1s2.7 102.7-9 132.1z\"><\/path><\/svg><\/span><\/a>\n\n<\/div>\n<\/div>\n<\/div>","protected":false},"excerpt":{"rendered":"<p>Multiplica els beneficis. Ens agrada donar-te el servei que ens agradaria rebre. El nostre Hub Un espai ple de serveis<\/p>\n","protected":false},"author":1,"featured_media":0,"parent":11056,"menu_order":0,"comment_status":"closed","ping_status":"closed","template":"","meta":{"_acf_changed":false,"CBBTypography":[],"footnotes":""},"class_list":{"0":"post-37511","1":"page","2":"type-page","3":"status-publish","5":"no-featured-image-padding"},"acf":[],"_links":{"self":[{"href":"https:\/\/finquesmartell.com\/ca\/wp-json\/wp\/v2\/pages\/37511","targetHints":{"allow":["GET"]}}],"collection":[{"href":"https:\/\/finquesmartell.com\/ca\/wp-json\/wp\/v2\/pages"}],"about":[{"href":"https:\/\/finquesmartell.com\/ca\/wp-json\/wp\/v2\/types\/page"}],"author":[{"embeddable":true,"href":"https:\/\/finquesmartell.com\/ca\/wp-json\/wp\/v2\/users\/1"}],"replies":[{"embeddable":true,"href":"https:\/\/finquesmartell.com\/ca\/wp-json\/wp\/v2\/comments?post=37511"}],"version-history":[{"count":2,"href":"https:\/\/finquesmartell.com\/ca\/wp-json\/wp\/v2\/pages\/37511\/revisions"}],"predecessor-version":[{"id":37521,"href":"https:\/\/finquesmartell.com\/ca\/wp-json\/wp\/v2\/pages\/37511\/revisions\/37521"}],"up":[{"embeddable":true,"href":"https:\/\/finquesmartell.com\/ca\/wp-json\/wp\/v2\/pages\/11056"}],"wp:attachment":[{"href":"https:\/\/finquesmartell.com\/ca\/wp-json\/wp\/v2\/media?parent=37511"}],"curies":[{"name":"wp","href":"https:\/\/api.w.org\/{rel}","templated":true}]}}